{"id":769,"date":"2023-07-17T04:20:46","date_gmt":"2023-07-17T04:20:46","guid":{"rendered":"https:\/\/isthuaquillas.solnustec.com\/?page_id=769"},"modified":"2024-04-03T20:24:27","modified_gmt":"2024-04-03T20:24:27","slug":"requisitos-para-certificacion-de-ingles-a1-y-a2","status":"publish","type":"page","link":"https:\/\/www.isthuaquillas.edu.ec\/site\/requisitos-para-certificacion-de-ingles-a1-y-a2\/","title":{"rendered":"REQUISITOS PARA CERTIFICACI\u00d3N DE INGLES A1 Y A2"},"content":{"rendered":"\t\t<div data-elementor-type=\"wp-page\" data-elementor-id=\"769\" class=\"elementor elementor-769\">\n\t\t\t\t\t\t\t\t\t<section class=\"elementor-section elementor-top-section elementor-element elementor-element-bc943fa elementor-section-full_width elementor-section-height-min-height elementor-section-height-default elementor-section-items-middle\" data-id=\"bc943fa\" data-element_type=\"section\" data-settings=\"{&quot;background_background&quot;:&quot;classic&quot;}\">\n\t\t\t\t\t\t\t<div class=\"elementor-background-overlay\"><\/div>\n\t\t\t\t\t\t\t<div class=\"elementor-container elementor-column-gap-default\">\n\t\t\t\t\t<div class=\"elementor-column elementor-col-100 elementor-top-column elementor-element elementor-element-c64a5ac\" data-id=\"c64a5ac\" data-element_type=\"column\">\n\t\t\t<div class=\"elementor-widget-wrap elementor-element-populated\">\n\t\t\t\t\t\t\t\t<div class=\"elementor-element elementor-element-5fddfe1 elementor-widget elementor-widget-heading\" data-id=\"5fddfe1\" data-element_type=\"widget\" data-widget_type=\"heading.default\">\n\t\t\t\t<div class=\"elementor-widget-container\">\n\t\t\t<style>\/*! elementor - v3.14.0 - 26-06-2023 *\/\n.elementor-heading-title{padding:0;margin:0;line-height:1}.elementor-widget-heading .elementor-heading-title[class*=elementor-size-]>a{color:inherit;font-size:inherit;line-height:inherit}.elementor-widget-heading .elementor-heading-title.elementor-size-small{font-size:15px}.elementor-widget-heading .elementor-heading-title.elementor-size-medium{font-size:19px}.elementor-widget-heading .elementor-heading-title.elementor-size-large{font-size:29px}.elementor-widget-heading .elementor-heading-title.elementor-size-xl{font-size:39px}.elementor-widget-heading .elementor-heading-title.elementor-size-xxl{font-size:59px}<\/style><h2 class=\"elementor-heading-title elementor-size-default\">REQUISITOS PARA CERTIFICACI\u00d3N DE INGL\u00c9S A1 Y A2<\/h2>\t\t<\/div>\n\t\t\t\t<\/div>\n\t\t\t\t\t<\/div>\n\t\t<\/div>\n\t\t\t\t\t\t\t<\/div>\n\t\t<\/section>\n\t\t\t\t<section class=\"elementor-section elementor-top-section elementor-element elementor-element-e3a53c5 elementor-section-boxed elementor-section-height-default elementor-section-height-default\" data-id=\"e3a53c5\" data-element_type=\"section\" data-settings=\"{&quot;background_background&quot;:&quot;classic&quot;}\">\n\t\t\t\t\t\t<div class=\"elementor-container elementor-column-gap-default\">\n\t\t\t\t\t<div class=\"elementor-column elementor-col-50 elementor-top-column elementor-element elementor-element-a7b0272 elementor-invisible\" data-id=\"a7b0272\" data-element_type=\"column\" data-settings=\"{&quot;animation&quot;:&quot;fadeInLeft&quot;}\">\n\t\t\t<div class=\"elementor-widget-wrap elementor-element-populated\">\n\t\t\t\t\t\t\t\t<div class=\"elementor-element elementor-element-b37c103 elementor-widget elementor-widget-heading\" data-id=\"b37c103\" data-element_type=\"widget\" data-widget_type=\"heading.default\">\n\t\t\t\t<div class=\"elementor-widget-container\">\n\t\t\t<h2 class=\"elementor-heading-title elementor-size-medium\">REQUISITOS<\/h2>\t\t<\/div>\n\t\t\t\t<\/div>\n\t\t\t\t<div class=\"elementor-element elementor-element-e57a509 elementor-icon-list--layout-traditional elementor-list-item-link-full_width elementor-widget elementor-widget-icon-list\" data-id=\"e57a509\" data-element_type=\"widget\" data-widget_type=\"icon-list.default\">\n\t\t\t\t<div class=\"elementor-widget-container\">\n\t\t\t<link rel=\"stylesheet\" href=\"https:\/\/www.isthuaquillas.edu.ec\/site\/wp-content\/plugins\/elementor\/assets\/css\/widget-icon-list.min.css\">\t\t<ul class=\"elementor-icon-list-items\">\n\t\t\t\t\t\t\t<li class=\"elementor-icon-list-item\">\n\t\t\t\t\t\t\t\t\t\t\t<span class=\"elementor-icon-list-icon\">\n\t\t\t\t\t\t\t<i aria-hidden=\"true\" class=\"fas fa-check\"><\/i>\t\t\t\t\t\t<\/span>\n\t\t\t\t\t\t\t\t\t\t<span class=\"elementor-icon-list-text\">Para ingresar a cualquier nivel debes cancelar $50 en cualquiera de las cuentas de la imagen. Escanear el comprobante y cargarlo en el formulario del bot\u00f3n ENLACE que se muestra a continuaci\u00f3n.<\/span>\n\t\t\t\t\t\t\t\t\t<\/li>\n\t\t\t\t\t\t\t\t<li class=\"elementor-icon-list-item\">\n\t\t\t\t\t\t\t\t\t\t\t<span class=\"elementor-icon-list-icon\">\n\t\t\t\t\t\t\t<i aria-hidden=\"true\" class=\"fas fa-check\"><\/i>\t\t\t\t\t\t<\/span>\n\t\t\t\t\t\t\t\t\t\t<span class=\"elementor-icon-list-text\">Para nivel A1: escanear a colores y cargar en formato pdf la c\u00e9dula de lado y lado.<\/span>\n\t\t\t\t\t\t\t\t\t<\/li>\n\t\t\t\t\t\t\t\t<li class=\"elementor-icon-list-item\">\n\t\t\t\t\t\t\t\t\t\t\t<span class=\"elementor-icon-list-icon\">\n\t\t\t\t\t\t\t<i aria-hidden=\"true\" class=\"fas fa-check\"><\/i>\t\t\t\t\t\t<\/span>\n\t\t\t\t\t\t\t\t\t\t<span class=\"elementor-icon-list-text\">Para nivel A2: escanear a colores y cargar en formato pdf la c\u00e9dula de lado y lado. Escanear y cargar el certificado de aprobaci\u00f3n de nivel A1.<\/span>\n\t\t\t\t\t\t\t\t\t<\/li>\n\t\t\t\t\t\t\t\t<li class=\"elementor-icon-list-item\">\n\t\t\t\t\t\t\t\t\t\t\t<span class=\"elementor-icon-list-icon\">\n\t\t\t\t\t\t\t<i aria-hidden=\"true\" class=\"fas fa-check\"><\/i>\t\t\t\t\t\t<\/span>\n\t\t\t\t\t\t\t\t\t\t<span class=\"elementor-icon-list-text\">Matr\u00edculas hasta el 11 de abril del 2024<\/span>\n\t\t\t\t\t\t\t\t\t<\/li>\n\t\t\t\t\t\t<\/ul>\n\t\t\t\t<\/div>\n\t\t\t\t<\/div>\n\t\t\t\t\t<\/div>\n\t\t<\/div>\n\t\t\t\t<div class=\"elementor-column elementor-col-50 elementor-top-column elementor-element elementor-element-e117f47 elementor-invisible\" data-id=\"e117f47\" data-element_type=\"column\" data-settings=\"{&quot;animation&quot;:&quot;fadeInRight&quot;}\">\n\t\t\t<div class=\"elementor-widget-wrap elementor-element-populated\">\n\t\t\t\t\t\t\t\t<div class=\"elementor-element elementor-element-875b6c4 elementor-widget elementor-widget-image\" data-id=\"875b6c4\" data-element_type=\"widget\" data-widget_type=\"image.default\">\n\t\t\t\t<div class=\"elementor-widget-container\">\n\t\t\t<style>\/*! elementor - v3.14.0 - 26-06-2023 *\/\n.elementor-widget-image{text-align:center}.elementor-widget-image a{display:inline-block}.elementor-widget-image a img[src$=\".svg\"]{width:48px}.elementor-widget-image img{vertical-align:middle;display:inline-block}<\/style>\t\t\t\t\t\t\t\t\t\t\t\t<img loading=\"lazy\" decoding=\"async\" width=\"1024\" height=\"1024\" src=\"https:\/\/www.isthuaquillas.edu.ec\/site\/wp-content\/uploads\/2023\/09\/WhatsApp-Image-2023-09-21-at-11.55.07-1024x1024.jpeg\" class=\"attachment-large size-large wp-image-2044\" alt=\"\" srcset=\"https:\/\/www.isthuaquillas.edu.ec\/site\/wp-content\/uploads\/2023\/09\/WhatsApp-Image-2023-09-21-at-11.55.07-1024x1024.jpeg 1024w, https:\/\/www.isthuaquillas.edu.ec\/site\/wp-content\/uploads\/2023\/09\/WhatsApp-Image-2023-09-21-at-11.55.07-300x300.jpeg 300w, https:\/\/www.isthuaquillas.edu.ec\/site\/wp-content\/uploads\/2023\/09\/WhatsApp-Image-2023-09-21-at-11.55.07-150x150.jpeg 150w, https:\/\/www.isthuaquillas.edu.ec\/site\/wp-content\/uploads\/2023\/09\/WhatsApp-Image-2023-09-21-at-11.55.07-768x768.jpeg 768w, https:\/\/www.isthuaquillas.edu.ec\/site\/wp-content\/uploads\/2023\/09\/WhatsApp-Image-2023-09-21-at-11.55.07-230x230.jpeg 230w, https:\/\/www.isthuaquillas.edu.ec\/site\/wp-content\/uploads\/2023\/09\/WhatsApp-Image-2023-09-21-at-11.55.07-400x400.jpeg 400w, https:\/\/www.isthuaquillas.edu.ec\/site\/wp-content\/uploads\/2023\/09\/WhatsApp-Image-2023-09-21-at-11.55.07-600x600.jpeg 600w, https:\/\/www.isthuaquillas.edu.ec\/site\/wp-content\/uploads\/2023\/09\/WhatsApp-Image-2023-09-21-at-11.55.07-640x640.jpeg 640w, https:\/\/www.isthuaquillas.edu.ec\/site\/wp-content\/uploads\/2023\/09\/WhatsApp-Image-2023-09-21-at-11.55.07.jpeg 1080w\" sizes=\"auto, (max-width: 1024px) 100vw, 1024px\" \/>\t\t\t\t\t\t\t\t\t\t\t\t\t\t\t<\/div>\n\t\t\t\t<\/div>\n\t\t\t\t\t<\/div>\n\t\t<\/div>\n\t\t\t\t\t\t\t<\/div>\n\t\t<\/section>\n\t\t\t\t<section class=\"elementor-section elementor-top-section elementor-element elementor-element-b7037c4 elementor-section-boxed elementor-section-height-default elementor-section-height-default\" data-id=\"b7037c4\" data-element_type=\"section\">\n\t\t\t\t\t\t<div class=\"elementor-container elementor-column-gap-default\">\n\t\t\t\t\t<div class=\"elementor-column elementor-col-50 elementor-top-column elementor-element elementor-element-4ade432\" data-id=\"4ade432\" data-element_type=\"column\">\n\t\t\t<div class=\"elementor-widget-wrap elementor-element-populated\">\n\t\t\t\t\t\t\t\t<div class=\"elementor-element elementor-element-14d1188 elementor-widget elementor-widget-spacer\" data-id=\"14d1188\" data-element_type=\"widget\" data-widget_type=\"spacer.default\">\n\t\t\t\t<div class=\"elementor-widget-container\">\n\t\t\t<style>\/*! elementor - v3.14.0 - 26-06-2023 *\/\n.elementor-column .elementor-spacer-inner{height:var(--spacer-size)}.e-con{--container-widget-width:100%}.e-con-inner>.elementor-widget-spacer,.e-con>.elementor-widget-spacer{width:var(--container-widget-width,var(--spacer-size));--align-self:var(--container-widget-align-self,initial);--flex-shrink:0}.e-con-inner>.elementor-widget-spacer>.elementor-widget-container,.e-con-inner>.elementor-widget-spacer>.elementor-widget-container>.elementor-spacer,.e-con>.elementor-widget-spacer>.elementor-widget-container,.e-con>.elementor-widget-spacer>.elementor-widget-container>.elementor-spacer{height:100%}.e-con-inner>.elementor-widget-spacer>.elementor-widget-container>.elementor-spacer>.elementor-spacer-inner,.e-con>.elementor-widget-spacer>.elementor-widget-container>.elementor-spacer>.elementor-spacer-inner{height:var(--container-widget-height,var(--spacer-size))}<\/style>\t\t<div class=\"elementor-spacer\">\n\t\t\t<div class=\"elementor-spacer-inner\"><\/div>\n\t\t<\/div>\n\t\t\t\t<\/div>\n\t\t\t\t<\/div>\n\t\t\t\t<div class=\"elementor-element elementor-element-98a8e01 elementor-widget elementor-widget-text-editor\" data-id=\"98a8e01\" data-element_type=\"widget\" data-widget_type=\"text-editor.default\">\n\t\t\t\t<div class=\"elementor-widget-container\">\n\t\t\t<style>\/*! elementor - v3.14.0 - 26-06-2023 *\/\n.elementor-widget-text-editor.elementor-drop-cap-view-stacked .elementor-drop-cap{background-color:#69727d;color:#fff}.elementor-widget-text-editor.elementor-drop-cap-view-framed .elementor-drop-cap{color:#69727d;border:3px solid;background-color:transparent}.elementor-widget-text-editor:not(.elementor-drop-cap-view-default) .elementor-drop-cap{margin-top:8px}.elementor-widget-text-editor:not(.elementor-drop-cap-view-default) .elementor-drop-cap-letter{width:1em;height:1em}.elementor-widget-text-editor .elementor-drop-cap{float:left;text-align:center;line-height:1;font-size:50px}.elementor-widget-text-editor .elementor-drop-cap-letter{display:inline-block}<\/style>\t\t\t\t<p>Para registrarte ingresa al enlace y completa la informaci\u00f3n de acuerdo al nivel que deseas cursar.<\/p>\t\t\t\t\t\t<\/div>\n\t\t\t\t<\/div>\n\t\t\t\t<div class=\"elementor-element elementor-element-83a4ffc elementor-align-center elementor-widget elementor-widget-button\" data-id=\"83a4ffc\" data-element_type=\"widget\" data-widget_type=\"button.default\">\n\t\t\t\t<div class=\"elementor-widget-container\">\n\t\t\t\t\t<div class=\"elementor-button-wrapper\">\n\t\t\t<a class=\"elementor-button elementor-button-link elementor-size-sm\" href=\"https:\/\/l.facebook.com\/l.php?u=https%3A%2F%2Fdocs.google.com%2Fforms%2Fd%2Fe%2F1FAIpQLSc9QDY_QFeWojuq2LxPBBPurGif238cb2ktCQ2E51vpk-paPQ%2Fviewform%3Fusp%3Dsharing%26fbclid%3DIwAR3Cai23de2IZ4nkymVvCeo9M-LTPpRZ6gPcRNSLoehZM-z5_-YcRy6s9qU_aem_AbmzLOPQirKeAuYR7FDc2nHo5kRz-8Hlw2-E51TuINrCA3VAwC67FqmCMr9tV5zyqxbWY7kXKhv4xi7fkGz8ekH0&#038;h=AT3sxoi5JYUvykzBnL9Xa54-mfdqs_EAbpCf_ZZ4cEfY-ZTR9DHpwu_bmfLLBoiDIpG-eepQL0r5ima6iJQhxSdBmvTz4hvhzKFXIAHuqCOfRhyOkWTKUiJQKnz2IoxzI29d&#038;__tn__=-UK-R&#038;c%5B0%5D=AT2Zl6eYBUumzXW7TyaGH1lwwJxdZyGmoxGEMG-oEfTN1X0DTfiUXjYw-Tyqd7WNmFNVvPc_uI4qiAjd0R-9bsI4-1qnuwdfEvXXTitTmFolzDyBN4yB7aq4sVHhNH0x2U5ddVhG-OeWkftbfuFb5etO79z06hbqVAsukRsggpxeWK6vXv2Hgyo8Ptadb0hpNrqRPZCZTDq9\">\n\t\t\t\t\t\t<span class=\"elementor-button-content-wrapper\">\n\t\t\t\t\t\t<span class=\"elementor-button-text\">ENLACE<\/span>\n\t\t<\/span>\n\t\t\t\t\t<\/a>\n\t\t<\/div>\n\t\t\t\t<\/div>\n\t\t\t\t<\/div>\n\t\t\t\t\t<\/div>\n\t\t<\/div>\n\t\t\t\t<div class=\"elementor-column elementor-col-50 elementor-top-column elementor-element elementor-element-1237eef\" data-id=\"1237eef\" data-element_type=\"column\">\n\t\t\t<div class=\"elementor-widget-wrap elementor-element-populated\">\n\t\t\t\t\t\t\t\t<div class=\"elementor-element elementor-element-fe45f3b elementor-widget elementor-widget-image\" data-id=\"fe45f3b\" data-element_type=\"widget\" data-widget_type=\"image.default\">\n\t\t\t\t<div class=\"elementor-widget-container\">\n\t\t\t\t\t\t\t\t\t\t\t\t\t\t\t<img loading=\"lazy\" decoding=\"async\" width=\"1024\" height=\"1024\" src=\"https:\/\/www.isthuaquillas.edu.ec\/site\/wp-content\/uploads\/2024\/04\/Ingles-a1a2-1024x1024.png\" class=\"attachment-large size-large wp-image-3333\" alt=\"\" srcset=\"https:\/\/www.isthuaquillas.edu.ec\/site\/wp-content\/uploads\/2024\/04\/Ingles-a1a2-1024x1024.png 1024w, https:\/\/www.isthuaquillas.edu.ec\/site\/wp-content\/uploads\/2024\/04\/Ingles-a1a2-300x300.png 300w, https:\/\/www.isthuaquillas.edu.ec\/site\/wp-content\/uploads\/2024\/04\/Ingles-a1a2-150x150.png 150w, https:\/\/www.isthuaquillas.edu.ec\/site\/wp-content\/uploads\/2024\/04\/Ingles-a1a2-768x768.png 768w, https:\/\/www.isthuaquillas.edu.ec\/site\/wp-content\/uploads\/2024\/04\/Ingles-a1a2-230x230.png 230w, https:\/\/www.isthuaquillas.edu.ec\/site\/wp-content\/uploads\/2024\/04\/Ingles-a1a2-400x400.png 400w, https:\/\/www.isthuaquillas.edu.ec\/site\/wp-content\/uploads\/2024\/04\/Ingles-a1a2-600x600.png 600w, https:\/\/www.isthuaquillas.edu.ec\/site\/wp-content\/uploads\/2024\/04\/Ingles-a1a2-640x640.png 640w, https:\/\/www.isthuaquillas.edu.ec\/site\/wp-content\/uploads\/2024\/04\/Ingles-a1a2.png 1200w\" sizes=\"auto, (max-width: 1024px) 100vw, 1024px\" \/>\t\t\t\t\t\t\t\t\t\t\t\t\t\t\t<\/div>\n\t\t\t\t<\/div>\n\t\t\t\t\t<\/div>\n\t\t<\/div>\n\t\t\t\t\t\t\t<\/div>\n\t\t<\/section>\n\t\t\t\t\t\t\t<\/div>\n\t\t","protected":false},"excerpt":{"rendered":"<p>REQUISITOS PARA CERTIFICACI\u00d3N DE INGL\u00c9S A1 Y A2 REQUISITOS Para ingresar a cualquier nivel debes cancelar $50 en cualquiera de las cuentas de la imagen. Escanear el comprobante y cargarlo en el formulario del bot\u00f3n ENLACE que se muestra a continuaci\u00f3n. Para nivel A1: escanear a colores y cargar en formato pdf la c\u00e9dula de [&hellip;]<\/p>\n","protected":false},"author":1,"featured_media":0,"parent":0,"menu_order":0,"comment_status":"closed","ping_status":"closed","template":"elementor_header_footer","meta":{"footnotes":""},"class_list":["post-769","page","type-page","status-publish","hentry"],"_links":{"self":[{"href":"https:\/\/www.isthuaquillas.edu.ec\/site\/wp-json\/wp\/v2\/pages\/769","targetHints":{"allow":["GET"]}}],"collection":[{"href":"https:\/\/www.isthuaquillas.edu.ec\/site\/wp-json\/wp\/v2\/pages"}],"about":[{"href":"https:\/\/www.isthuaquillas.edu.ec\/site\/wp-json\/wp\/v2\/types\/page"}],"author":[{"embeddable":true,"href":"https:\/\/www.isthuaquillas.edu.ec\/site\/wp-json\/wp\/v2\/users\/1"}],"replies":[{"embeddable":true,"href":"https:\/\/www.isthuaquillas.edu.ec\/site\/wp-json\/wp\/v2\/comments?post=769"}],"version-history":[{"count":61,"href":"https:\/\/www.isthuaquillas.edu.ec\/site\/wp-json\/wp\/v2\/pages\/769\/revisions"}],"predecessor-version":[{"id":3358,"href":"https:\/\/www.isthuaquillas.edu.ec\/site\/wp-json\/wp\/v2\/pages\/769\/revisions\/3358"}],"wp:attachment":[{"href":"https:\/\/www.isthuaquillas.edu.ec\/site\/wp-json\/wp\/v2\/media?parent=769"}],"curies":[{"name":"wp","href":"https:\/\/api.w.org\/{rel}","templated":true}]}}