{"id":733,"date":"2023-07-17T04:13:37","date_gmt":"2023-07-17T04:13:37","guid":{"rendered":"https:\/\/isthuaquillas.solnustec.com\/?page_id=733"},"modified":"2025-02-14T03:13:13","modified_gmt":"2025-02-14T03:13:13","slug":"campus-2","status":"publish","type":"page","link":"https:\/\/www.isthuaquillas.edu.ec\/site\/campus-2\/","title":{"rendered":"CAMPUS"},"content":{"rendered":"<style>\/*! elementor - v3.14.0 - 26-06-2023 *\/\n.elementor-heading-title{padding:0;margin:0;line-height:1}.elementor-widget-heading .elementor-heading-title[class*=elementor-size-]>a{color:inherit;font-size:inherit;line-height:inherit}.elementor-widget-heading .elementor-heading-title.elementor-size-small{font-size:15px}.elementor-widget-heading .elementor-heading-title.elementor-size-medium{font-size:19px}.elementor-widget-heading .elementor-heading-title.elementor-size-large{font-size:29px}.elementor-widget-heading .elementor-heading-title.elementor-size-xl{font-size:39px}.elementor-widget-heading .elementor-heading-title.elementor-size-xxl{font-size:59px}<\/style>\n<h2>CAMPUS<\/h2>\n<style>\/*! elementor - v3.14.0 - 26-06-2023 *\/\n.elementor-column .elementor-spacer-inner{height:var(--spacer-size)}.e-con{--container-widget-width:100%}.e-con-inner>.elementor-widget-spacer,.e-con>.elementor-widget-spacer{width:var(--container-widget-width,var(--spacer-size));--align-self:var(--container-widget-align-self,initial);--flex-shrink:0}.e-con-inner>.elementor-widget-spacer>.elementor-widget-container,.e-con-inner>.elementor-widget-spacer>.elementor-widget-container>.elementor-spacer,.e-con>.elementor-widget-spacer>.elementor-widget-container,.e-con>.elementor-widget-spacer>.elementor-widget-container>.elementor-spacer{height:100%}.e-con-inner>.elementor-widget-spacer>.elementor-widget-container>.elementor-spacer>.elementor-spacer-inner,.e-con>.elementor-widget-spacer>.elementor-widget-container>.elementor-spacer>.elementor-spacer-inner{height:var(--container-widget-height,var(--spacer-size))}<\/style>\n<style>\/*! elementor - v3.14.0 - 26-06-2023 *\/\n.elementor-image-gallery .gallery-item{display:inline-block;text-align:center;vertical-align:top;width:100%;max-width:100%;margin:0 auto}.elementor-image-gallery .gallery-item img{margin:0 auto}.elementor-image-gallery .gallery-item .gallery-caption{margin:0}.elementor-image-gallery figure img{display:block}.elementor-image-gallery figure figcaption{width:100%}.gallery-spacing-custom .elementor-image-gallery .gallery-icon{padding:0}@media (min-width:768px){.elementor-image-gallery .gallery-columns-2 .gallery-item{max-width:50%}.elementor-image-gallery .gallery-columns-3 .gallery-item{max-width:33.33%}.elementor-image-gallery .gallery-columns-4 .gallery-item{max-width:25%}.elementor-image-gallery .gallery-columns-5 .gallery-item{max-width:20%}.elementor-image-gallery .gallery-columns-6 .gallery-item{max-width:16.666%}.elementor-image-gallery .gallery-columns-7 .gallery-item{max-width:14.28%}.elementor-image-gallery .gallery-columns-8 .gallery-item{max-width:12.5%}.elementor-image-gallery .gallery-columns-9 .gallery-item{max-width:11.11%}.elementor-image-gallery .gallery-columns-10 .gallery-item{max-width:10%}}@media (min-width:480px) and (max-width:767px){.elementor-image-gallery .gallery.gallery-columns-2 .gallery-item,.elementor-image-gallery .gallery.gallery-columns-3 .gallery-item,.elementor-image-gallery .gallery.gallery-columns-4 .gallery-item,.elementor-image-gallery .gallery.gallery-columns-5 .gallery-item,.elementor-image-gallery .gallery.gallery-columns-6 .gallery-item,.elementor-image-gallery .gallery.gallery-columns-7 .gallery-item,.elementor-image-gallery .gallery.gallery-columns-8 .gallery-item,.elementor-image-gallery .gallery.gallery-columns-9 .gallery-item,.elementor-image-gallery .gallery.gallery-columns-10 .gallery-item{max-width:50%}}@media (max-width:479px){.elementor-image-gallery .gallery.gallery-columns-2 .gallery-item,.elementor-image-gallery .gallery.gallery-columns-3 .gallery-item,.elementor-image-gallery .gallery.gallery-columns-4 .gallery-item,.elementor-image-gallery .gallery.gallery-columns-5 .gallery-item,.elementor-image-gallery .gallery.gallery-columns-6 .gallery-item,.elementor-image-gallery .gallery.gallery-columns-7 .gallery-item,.elementor-image-gallery .gallery.gallery-columns-8 .gallery-item,.elementor-image-gallery .gallery.gallery-columns-9 .gallery-item,.elementor-image-gallery .gallery.gallery-columns-10 .gallery-item{max-width:100%}}<\/style>\n<figure class='gallery-item'>\n\t\t\t\t<a data-elementor-open-lightbox=\"yes\" data-elementor-lightbox-slideshow=\"6eb90e1\" data-elementor-lightbox-title=\"campus 4\" data-e-action-hash=\"#elementor-action%3Aaction%3Dlightbox%26settings%3DeyJpZCI6NzA3LCJ1cmwiOiJodHRwczpcL1wvaXN0aHVhcXVpbGxhcy5zb2xudXN0ZWMuY29tXC93cC1jb250ZW50XC91cGxvYWRzXC8yMDIzXC8wN1wvY2FtcHVzLTQuanBnIiwic2xpZGVzaG93IjoiNmViOTBlMSJ9\" href='https:\/\/isthuaquillas.solnustec.com\/wp-content\/uploads\/2023\/07\/campus-4.jpg'><img width=\"1011\" height=\"600\" src=\"https:\/\/isthuaquillas.solnustec.com\/wp-content\/uploads\/2023\/07\/campus-4.jpg\" alt=\"\" decoding=\"async\" loading=\"lazy\" srcset=\"https:\/\/isthuaquillas.solnustec.com\/wp-content\/uploads\/2023\/07\/campus-4.jpg 1011w, https:\/\/isthuaquillas.solnustec.com\/wp-content\/uploads\/2023\/07\/campus-4-300x178.jpg 300w, https:\/\/isthuaquillas.solnustec.com\/wp-content\/uploads\/2023\/07\/campus-4-768x456.jpg 768w, https:\/\/isthuaquillas.solnustec.com\/wp-content\/uploads\/2023\/07\/campus-4-600x356.jpg 600w\" sizes=\"auto, (max-width: 1011px) 100vw, 1011px\" \/><\/a><br \/>\n\t\t\t<\/figure>\n<figure class='gallery-item'>\n\t\t\t\t<a data-elementor-open-lightbox=\"yes\" data-elementor-lightbox-slideshow=\"6eb90e1\" data-elementor-lightbox-title=\"CAMPUS 3\" data-e-action-hash=\"#elementor-action%3Aaction%3Dlightbox%26settings%3DeyJpZCI6NzA4LCJ1cmwiOiJodHRwczpcL1wvaXN0aHVhcXVpbGxhcy5zb2xudXN0ZWMuY29tXC93cC1jb250ZW50XC91cGxvYWRzXC8yMDIzXC8wN1wvQ0FNUFVTLTMuanBnIiwic2xpZGVzaG93IjoiNmViOTBlMSJ9\" href='https:\/\/isthuaquillas.solnustec.com\/wp-content\/uploads\/2023\/07\/CAMPUS-3.jpg'><img width=\"1006\" height=\"600\" src=\"https:\/\/isthuaquillas.solnustec.com\/wp-content\/uploads\/2023\/07\/CAMPUS-3.jpg\" alt=\"\" decoding=\"async\" loading=\"lazy\" srcset=\"https:\/\/isthuaquillas.solnustec.com\/wp-content\/uploads\/2023\/07\/CAMPUS-3.jpg 1006w, https:\/\/isthuaquillas.solnustec.com\/wp-content\/uploads\/2023\/07\/CAMPUS-3-300x179.jpg 300w, https:\/\/isthuaquillas.solnustec.com\/wp-content\/uploads\/2023\/07\/CAMPUS-3-768x458.jpg 768w, https:\/\/isthuaquillas.solnustec.com\/wp-content\/uploads\/2023\/07\/CAMPUS-3-600x358.jpg 600w\" sizes=\"auto, (max-width: 1006px) 100vw, 1006px\" \/><\/a><br \/>\n\t\t\t<\/figure>\n<figure class='gallery-item'>\n\t\t\t\t<a data-elementor-open-lightbox=\"yes\" data-elementor-lightbox-slideshow=\"6eb90e1\" data-elementor-lightbox-title=\"campus 2\" data-e-action-hash=\"#elementor-action%3Aaction%3Dlightbox%26settings%3DeyJpZCI6NzA5LCJ1cmwiOiJodHRwczpcL1wvaXN0aHVhcXVpbGxhcy5zb2xudXN0ZWMuY29tXC93cC1jb250ZW50XC91cGxvYWRzXC8yMDIzXC8wN1wvY2FtcHVzLTIuanBnIiwic2xpZGVzaG93IjoiNmViOTBlMSJ9\" href='https:\/\/isthuaquillas.solnustec.com\/wp-content\/uploads\/2023\/07\/campus-2.jpg'><img width=\"994\" height=\"600\" src=\"https:\/\/isthuaquillas.solnustec.com\/wp-content\/uploads\/2023\/07\/campus-2.jpg\" alt=\"\" decoding=\"async\" loading=\"lazy\" srcset=\"https:\/\/isthuaquillas.solnustec.com\/wp-content\/uploads\/2023\/07\/campus-2.jpg 994w, https:\/\/isthuaquillas.solnustec.com\/wp-content\/uploads\/2023\/07\/campus-2-300x181.jpg 300w, https:\/\/isthuaquillas.solnustec.com\/wp-content\/uploads\/2023\/07\/campus-2-768x464.jpg 768w, https:\/\/isthuaquillas.solnustec.com\/wp-content\/uploads\/2023\/07\/campus-2-600x362.jpg 600w\" sizes=\"auto, (max-width: 994px) 100vw, 994px\" \/><\/a><br \/>\n\t\t\t<\/figure>\n<figure class='gallery-item'>\n\t\t\t\t<a data-elementor-open-lightbox=\"yes\" data-elementor-lightbox-slideshow=\"6eb90e1\" data-elementor-lightbox-title=\"campus\" data-e-action-hash=\"#elementor-action%3Aaction%3Dlightbox%26settings%3DeyJpZCI6NzEwLCJ1cmwiOiJodHRwczpcL1wvaXN0aHVhcXVpbGxhcy5zb2xudXN0ZWMuY29tXC93cC1jb250ZW50XC91cGxvYWRzXC8yMDIzXC8wN1wvY2FtcHVzLmpwZyIsInNsaWRlc2hvdyI6IjZlYjkwZTEifQ%3D%3D\" href='https:\/\/isthuaquillas.solnustec.com\/wp-content\/uploads\/2023\/07\/campus.jpg'><img width=\"1006\" height=\"600\" src=\"https:\/\/isthuaquillas.solnustec.com\/wp-content\/uploads\/2023\/07\/campus.jpg\" alt=\"\" decoding=\"async\" loading=\"lazy\" srcset=\"https:\/\/isthuaquillas.solnustec.com\/wp-content\/uploads\/2023\/07\/campus.jpg 1006w, https:\/\/isthuaquillas.solnustec.com\/wp-content\/uploads\/2023\/07\/campus-300x179.jpg 300w, https:\/\/isthuaquillas.solnustec.com\/wp-content\/uploads\/2023\/07\/campus-768x458.jpg 768w, https:\/\/isthuaquillas.solnustec.com\/wp-content\/uploads\/2023\/07\/campus-600x358.jpg 600w\" sizes=\"auto, (max-width: 1006px) 100vw, 1006px\" \/><\/a><br \/>\n\t\t\t<\/figure>\n<h2>HUAQUILLAS<\/h2>\n<p>Huaquillas, es una ciudad ecuatoriana; cabecera del cant\u00f3n hom\u00f3nimo, as\u00ed como la cuarta urbe m\u00e1s grande y poblada de la Provincia de El Oro. Se localiza al extremo sur de la regi\u00f3n litoral del Ecuador, muy cerca del oc\u00e9ano Pac\u00edfico, en la frontera con Per\u00fa, en la orilla derecha del r\u00edo Zarumilla, a una altitud de 11 m s. n. m. y con un clima \u00e1rido c\u00e1lido de 24,6 \u00b0C en promedio.<\/p>\n<style>\/*! elementor - v3.14.0 - 26-06-2023 *\/\n.elementor-widget-image{text-align:center}.elementor-widget-image a{display:inline-block}.elementor-widget-image a img[src$=\".svg\"]{width:48px}.elementor-widget-image img{vertical-align:middle;display:inline-block}<\/style>\n<p>\t\t\t\t\t\t\t\t\t\t\t\t<img decoding=\"async\" width=\"1024\" height=\"566\" src=\"https:\/\/isthuaquillas.solnustec.com\/wp-content\/uploads\/2023\/07\/huaquillas.jpeg\" alt=\"\" loading=\"lazy\" srcset=\"https:\/\/isthuaquillas.solnustec.com\/wp-content\/uploads\/2023\/07\/huaquillas.jpeg 1024w, https:\/\/isthuaquillas.solnustec.com\/wp-content\/uploads\/2023\/07\/huaquillas-300x166.jpeg 300w, https:\/\/isthuaquillas.solnustec.com\/wp-content\/uploads\/2023\/07\/huaquillas-768x425.jpeg 768w\" sizes=\"auto, (max-width: 1024px) 100vw, 1024px\" \/><\/p>\n","protected":false},"excerpt":{"rendered":"<p>CAMPUS HUAQUILLAS Huaquillas, es una ciudad ecuatoriana; cabecera del cant\u00f3n hom\u00f3nimo, as\u00ed como la cuarta urbe m\u00e1s grande y poblada de la Provincia de El Oro. Se localiza al extremo sur de la regi\u00f3n litoral del Ecuador, muy cerca del oc\u00e9ano Pac\u00edfico, en la frontera con Per\u00fa, en la orilla derecha del r\u00edo Zarumilla, a [&hellip;]<\/p>\n","protected":false},"author":1,"featured_media":0,"parent":0,"menu_order":0,"comment_status":"closed","ping_status":"closed","template":"elementor_header_footer","meta":{"footnotes":""},"class_list":["post-733","page","type-page","status-publish","hentry"],"_links":{"self":[{"href":"https:\/\/www.isthuaquillas.edu.ec\/site\/wp-json\/wp\/v2\/pages\/733","targetHints":{"allow":["GET"]}}],"collection":[{"href":"https:\/\/www.isthuaquillas.edu.ec\/site\/wp-json\/wp\/v2\/pages"}],"about":[{"href":"https:\/\/www.isthuaquillas.edu.ec\/site\/wp-json\/wp\/v2\/types\/page"}],"author":[{"embeddable":true,"href":"https:\/\/www.isthuaquillas.edu.ec\/site\/wp-json\/wp\/v2\/users\/1"}],"replies":[{"embeddable":true,"href":"https:\/\/www.isthuaquillas.edu.ec\/site\/wp-json\/wp\/v2\/comments?post=733"}],"version-history":[{"count":8,"href":"https:\/\/www.isthuaquillas.edu.ec\/site\/wp-json\/wp\/v2\/pages\/733\/revisions"}],"predecessor-version":[{"id":3383,"href":"https:\/\/www.isthuaquillas.edu.ec\/site\/wp-json\/wp\/v2\/pages\/733\/revisions\/3383"}],"wp:attachment":[{"href":"https:\/\/www.isthuaquillas.edu.ec\/site\/wp-json\/wp\/v2\/media?parent=733"}],"curies":[{"name":"wp","href":"https:\/\/api.w.org\/{rel}","templated":true}]}}