{"id":715,"date":"2023-07-17T04:04:18","date_gmt":"2023-07-17T04:04:18","guid":{"rendered":"https:\/\/isthuaquillas.solnustec.com\/?page_id=715"},"modified":"2023-07-17T15:32:07","modified_gmt":"2023-07-17T15:32:07","slug":"club-de-robotica","status":"publish","type":"page","link":"https:\/\/www.isthuaquillas.edu.ec\/site\/club-de-robotica\/","title":{"rendered":"CLUB DE ROB\u00d3TICA"},"content":{"rendered":"\t\t<div data-elementor-type=\"wp-page\" data-elementor-id=\"715\" class=\"elementor elementor-715\">\n\t\t\t\t\t\t\t\t\t<section class=\"elementor-section elementor-top-section elementor-element elementor-element-bc943fa elementor-section-full_width elementor-section-height-min-height elementor-section-height-default elementor-section-items-middle\" data-id=\"bc943fa\" data-element_type=\"section\" data-settings=\"{&quot;background_background&quot;:&quot;classic&quot;}\">\n\t\t\t\t\t\t\t<div class=\"elementor-background-overlay\"><\/div>\n\t\t\t\t\t\t\t<div class=\"elementor-container elementor-column-gap-default\">\n\t\t\t\t\t<div class=\"elementor-column elementor-col-100 elementor-top-column elementor-element elementor-element-c64a5ac\" data-id=\"c64a5ac\" data-element_type=\"column\">\n\t\t\t<div class=\"elementor-widget-wrap elementor-element-populated\">\n\t\t\t\t\t\t\t\t<div class=\"elementor-element elementor-element-5fddfe1 elementor-widget elementor-widget-heading\" data-id=\"5fddfe1\" data-element_type=\"widget\" data-widget_type=\"heading.default\">\n\t\t\t\t<div class=\"elementor-widget-container\">\n\t\t\t<style>\/*! elementor - v3.14.0 - 26-06-2023 *\/\n.elementor-heading-title{padding:0;margin:0;line-height:1}.elementor-widget-heading .elementor-heading-title[class*=elementor-size-]>a{color:inherit;font-size:inherit;line-height:inherit}.elementor-widget-heading .elementor-heading-title.elementor-size-small{font-size:15px}.elementor-widget-heading .elementor-heading-title.elementor-size-medium{font-size:19px}.elementor-widget-heading .elementor-heading-title.elementor-size-large{font-size:29px}.elementor-widget-heading .elementor-heading-title.elementor-size-xl{font-size:39px}.elementor-widget-heading .elementor-heading-title.elementor-size-xxl{font-size:59px}<\/style><h2 class=\"elementor-heading-title elementor-size-default\">CLUB DE ROB\u00d3TICA<\/h2>\t\t<\/div>\n\t\t\t\t<\/div>\n\t\t\t\t\t<\/div>\n\t\t<\/div>\n\t\t\t\t\t\t\t<\/div>\n\t\t<\/section>\n\t\t\t\t<section class=\"elementor-section elementor-top-section elementor-element elementor-element-84ec99f elementor-section-boxed elementor-section-height-default elementor-section-height-default\" data-id=\"84ec99f\" data-element_type=\"section\">\n\t\t\t\t\t\t<div class=\"elementor-container elementor-column-gap-default\">\n\t\t\t\t\t<div class=\"elementor-column elementor-col-100 elementor-top-column elementor-element elementor-element-854b436\" data-id=\"854b436\" data-element_type=\"column\">\n\t\t\t<div class=\"elementor-widget-wrap elementor-element-populated\">\n\t\t\t\t\t\t\t\t<div class=\"elementor-element elementor-element-96a26ef elementor-widget elementor-widget-spacer\" data-id=\"96a26ef\" data-element_type=\"widget\" data-widget_type=\"spacer.default\">\n\t\t\t\t<div class=\"elementor-widget-container\">\n\t\t\t<style>\/*! elementor - v3.14.0 - 26-06-2023 *\/\n.elementor-column .elementor-spacer-inner{height:var(--spacer-size)}.e-con{--container-widget-width:100%}.e-con-inner>.elementor-widget-spacer,.e-con>.elementor-widget-spacer{width:var(--container-widget-width,var(--spacer-size));--align-self:var(--container-widget-align-self,initial);--flex-shrink:0}.e-con-inner>.elementor-widget-spacer>.elementor-widget-container,.e-con-inner>.elementor-widget-spacer>.elementor-widget-container>.elementor-spacer,.e-con>.elementor-widget-spacer>.elementor-widget-container,.e-con>.elementor-widget-spacer>.elementor-widget-container>.elementor-spacer{height:100%}.e-con-inner>.elementor-widget-spacer>.elementor-widget-container>.elementor-spacer>.elementor-spacer-inner,.e-con>.elementor-widget-spacer>.elementor-widget-container>.elementor-spacer>.elementor-spacer-inner{height:var(--container-widget-height,var(--spacer-size))}<\/style>\t\t<div class=\"elementor-spacer\">\n\t\t\t<div class=\"elementor-spacer-inner\"><\/div>\n\t\t<\/div>\n\t\t\t\t<\/div>\n\t\t\t\t<\/div>\n\t\t\t\t\t<\/div>\n\t\t<\/div>\n\t\t\t\t\t\t\t<\/div>\n\t\t<\/section>\n\t\t\t\t<section class=\"elementor-section elementor-top-section elementor-element elementor-element-0a5c37d elementor-section-boxed elementor-section-height-default elementor-section-height-default\" data-id=\"0a5c37d\" data-element_type=\"section\">\n\t\t\t\t\t\t<div class=\"elementor-container elementor-column-gap-default\">\n\t\t\t\t\t<div class=\"elementor-column elementor-col-100 elementor-top-column elementor-element elementor-element-232ef00\" data-id=\"232ef00\" data-element_type=\"column\">\n\t\t\t<div class=\"elementor-widget-wrap elementor-element-populated\">\n\t\t\t\t\t\t\t\t<div class=\"elementor-element elementor-element-6eb90e1 elementor-widget elementor-widget-image-gallery\" data-id=\"6eb90e1\" data-element_type=\"widget\" data-widget_type=\"image-gallery.default\">\n\t\t\t\t<div class=\"elementor-widget-container\">\n\t\t\t<style>\/*! elementor - v3.14.0 - 26-06-2023 *\/\n.elementor-image-gallery .gallery-item{display:inline-block;text-align:center;vertical-align:top;width:100%;max-width:100%;margin:0 auto}.elementor-image-gallery .gallery-item img{margin:0 auto}.elementor-image-gallery .gallery-item .gallery-caption{margin:0}.elementor-image-gallery figure img{display:block}.elementor-image-gallery figure figcaption{width:100%}.gallery-spacing-custom .elementor-image-gallery .gallery-icon{padding:0}@media (min-width:768px){.elementor-image-gallery .gallery-columns-2 .gallery-item{max-width:50%}.elementor-image-gallery .gallery-columns-3 .gallery-item{max-width:33.33%}.elementor-image-gallery .gallery-columns-4 .gallery-item{max-width:25%}.elementor-image-gallery .gallery-columns-5 .gallery-item{max-width:20%}.elementor-image-gallery .gallery-columns-6 .gallery-item{max-width:16.666%}.elementor-image-gallery .gallery-columns-7 .gallery-item{max-width:14.28%}.elementor-image-gallery .gallery-columns-8 .gallery-item{max-width:12.5%}.elementor-image-gallery .gallery-columns-9 .gallery-item{max-width:11.11%}.elementor-image-gallery .gallery-columns-10 .gallery-item{max-width:10%}}@media (min-width:480px) and (max-width:767px){.elementor-image-gallery .gallery.gallery-columns-2 .gallery-item,.elementor-image-gallery .gallery.gallery-columns-3 .gallery-item,.elementor-image-gallery .gallery.gallery-columns-4 .gallery-item,.elementor-image-gallery .gallery.gallery-columns-5 .gallery-item,.elementor-image-gallery .gallery.gallery-columns-6 .gallery-item,.elementor-image-gallery .gallery.gallery-columns-7 .gallery-item,.elementor-image-gallery .gallery.gallery-columns-8 .gallery-item,.elementor-image-gallery .gallery.gallery-columns-9 .gallery-item,.elementor-image-gallery .gallery.gallery-columns-10 .gallery-item{max-width:50%}}@media (max-width:479px){.elementor-image-gallery .gallery.gallery-columns-2 .gallery-item,.elementor-image-gallery .gallery.gallery-columns-3 .gallery-item,.elementor-image-gallery .gallery.gallery-columns-4 .gallery-item,.elementor-image-gallery .gallery.gallery-columns-5 .gallery-item,.elementor-image-gallery .gallery.gallery-columns-6 .gallery-item,.elementor-image-gallery .gallery.gallery-columns-7 .gallery-item,.elementor-image-gallery .gallery.gallery-columns-8 .gallery-item,.elementor-image-gallery .gallery.gallery-columns-9 .gallery-item,.elementor-image-gallery .gallery.gallery-columns-10 .gallery-item{max-width:100%}}<\/style>\t\t<div class=\"elementor-image-gallery\">\n\t\t\t<div id='gallery-1' class='gallery galleryid-715 gallery-columns-4 gallery-size-full'><figure class='gallery-item'>\n\t\t\t<div class='gallery-icon landscape'>\n\t\t\t\t<a data-elementor-open-lightbox=\"yes\" data-elementor-lightbox-slideshow=\"6eb90e1\" data-elementor-lightbox-title=\"club 10\" data-e-action-hash=\"#elementor-action%3Aaction%3Dlightbox%26settings%3DeyJpZCI6NzE3LCJ1cmwiOiJodHRwczpcL1wvd3d3LmlzdGh1YXF1aWxsYXMuZWR1LmVjXC9zaXRlXC93cC1jb250ZW50XC91cGxvYWRzXC8yMDIzXC8wN1wvY2x1Yi0xMC5qcGciLCJzbGlkZXNob3ciOiI2ZWI5MGUxIn0%3D\" href='https:\/\/www.isthuaquillas.edu.ec\/site\/wp-content\/uploads\/2023\/07\/club-10.jpg'><img loading=\"lazy\" decoding=\"async\" width=\"763\" height=\"600\" src=\"https:\/\/www.isthuaquillas.edu.ec\/site\/wp-content\/uploads\/2023\/07\/club-10.jpg\" class=\"attachment-full size-full\" alt=\"\" srcset=\"https:\/\/www.isthuaquillas.edu.ec\/site\/wp-content\/uploads\/2023\/07\/club-10.jpg 763w, https:\/\/www.isthuaquillas.edu.ec\/site\/wp-content\/uploads\/2023\/07\/club-10-300x236.jpg 300w, https:\/\/www.isthuaquillas.edu.ec\/site\/wp-content\/uploads\/2023\/07\/club-10-600x472.jpg 600w\" sizes=\"auto, (max-width: 763px) 100vw, 763px\" \/><\/a>\n\t\t\t<\/div><\/figure><figure class='gallery-item'>\n\t\t\t<div class='gallery-icon landscape'>\n\t\t\t\t<a data-elementor-open-lightbox=\"yes\" data-elementor-lightbox-slideshow=\"6eb90e1\" data-elementor-lightbox-title=\"club 9\" data-e-action-hash=\"#elementor-action%3Aaction%3Dlightbox%26settings%3DeyJpZCI6NzE4LCJ1cmwiOiJodHRwczpcL1wvd3d3LmlzdGh1YXF1aWxsYXMuZWR1LmVjXC9zaXRlXC93cC1jb250ZW50XC91cGxvYWRzXC8yMDIzXC8wN1wvY2x1Yi05LmpwZyIsInNsaWRlc2hvdyI6IjZlYjkwZTEifQ%3D%3D\" href='https:\/\/www.isthuaquillas.edu.ec\/site\/wp-content\/uploads\/2023\/07\/club-9.jpg'><img loading=\"lazy\" decoding=\"async\" width=\"702\" height=\"600\" src=\"https:\/\/www.isthuaquillas.edu.ec\/site\/wp-content\/uploads\/2023\/07\/club-9.jpg\" class=\"attachment-full size-full\" alt=\"\" srcset=\"https:\/\/www.isthuaquillas.edu.ec\/site\/wp-content\/uploads\/2023\/07\/club-9.jpg 702w, https:\/\/www.isthuaquillas.edu.ec\/site\/wp-content\/uploads\/2023\/07\/club-9-300x256.jpg 300w, https:\/\/www.isthuaquillas.edu.ec\/site\/wp-content\/uploads\/2023\/07\/club-9-600x513.jpg 600w\" sizes=\"auto, (max-width: 702px) 100vw, 702px\" \/><\/a>\n\t\t\t<\/div><\/figure><figure class='gallery-item'>\n\t\t\t<div class='gallery-icon portrait'>\n\t\t\t\t<a data-elementor-open-lightbox=\"yes\" data-elementor-lightbox-slideshow=\"6eb90e1\" data-elementor-lightbox-title=\"club 8\" data-e-action-hash=\"#elementor-action%3Aaction%3Dlightbox%26settings%3DeyJpZCI6NzE5LCJ1cmwiOiJodHRwczpcL1wvd3d3LmlzdGh1YXF1aWxsYXMuZWR1LmVjXC9zaXRlXC93cC1jb250ZW50XC91cGxvYWRzXC8yMDIzXC8wN1wvY2x1Yi04LmpwZyIsInNsaWRlc2hvdyI6IjZlYjkwZTEifQ%3D%3D\" href='https:\/\/www.isthuaquillas.edu.ec\/site\/wp-content\/uploads\/2023\/07\/club-8.jpg'><img loading=\"lazy\" decoding=\"async\" width=\"457\" height=\"600\" src=\"https:\/\/www.isthuaquillas.edu.ec\/site\/wp-content\/uploads\/2023\/07\/club-8.jpg\" class=\"attachment-full size-full\" alt=\"\" srcset=\"https:\/\/www.isthuaquillas.edu.ec\/site\/wp-content\/uploads\/2023\/07\/club-8.jpg 457w, https:\/\/www.isthuaquillas.edu.ec\/site\/wp-content\/uploads\/2023\/07\/club-8-229x300.jpg 229w\" sizes=\"auto, (max-width: 457px) 100vw, 457px\" \/><\/a>\n\t\t\t<\/div><\/figure><figure class='gallery-item'>\n\t\t\t<div class='gallery-icon landscape'>\n\t\t\t\t<a data-elementor-open-lightbox=\"yes\" data-elementor-lightbox-slideshow=\"6eb90e1\" data-elementor-lightbox-title=\"club 7\" data-e-action-hash=\"#elementor-action%3Aaction%3Dlightbox%26settings%3DeyJpZCI6NzIwLCJ1cmwiOiJodHRwczpcL1wvd3d3LmlzdGh1YXF1aWxsYXMuZWR1LmVjXC9zaXRlXC93cC1jb250ZW50XC91cGxvYWRzXC8yMDIzXC8wN1wvY2x1Yi03LmpwZyIsInNsaWRlc2hvdyI6IjZlYjkwZTEifQ%3D%3D\" href='https:\/\/www.isthuaquillas.edu.ec\/site\/wp-content\/uploads\/2023\/07\/club-7.jpg'><img loading=\"lazy\" decoding=\"async\" width=\"761\" height=\"501\" src=\"https:\/\/www.isthuaquillas.edu.ec\/site\/wp-content\/uploads\/2023\/07\/club-7.jpg\" class=\"attachment-full size-full\" alt=\"\" srcset=\"https:\/\/www.isthuaquillas.edu.ec\/site\/wp-content\/uploads\/2023\/07\/club-7.jpg 761w, https:\/\/www.isthuaquillas.edu.ec\/site\/wp-content\/uploads\/2023\/07\/club-7-300x198.jpg 300w, https:\/\/www.isthuaquillas.edu.ec\/site\/wp-content\/uploads\/2023\/07\/club-7-600x395.jpg 600w\" sizes=\"auto, (max-width: 761px) 100vw, 761px\" \/><\/a>\n\t\t\t<\/div><\/figure><figure class='gallery-item'>\n\t\t\t<div class='gallery-icon portrait'>\n\t\t\t\t<a data-elementor-open-lightbox=\"yes\" data-elementor-lightbox-slideshow=\"6eb90e1\" data-elementor-lightbox-title=\"club 6\" data-e-action-hash=\"#elementor-action%3Aaction%3Dlightbox%26settings%3DeyJpZCI6NzIxLCJ1cmwiOiJodHRwczpcL1wvd3d3LmlzdGh1YXF1aWxsYXMuZWR1LmVjXC9zaXRlXC93cC1jb250ZW50XC91cGxvYWRzXC8yMDIzXC8wN1wvY2x1Yi02LmpwZyIsInNsaWRlc2hvdyI6IjZlYjkwZTEifQ%3D%3D\" href='https:\/\/www.isthuaquillas.edu.ec\/site\/wp-content\/uploads\/2023\/07\/club-6.jpg'><img loading=\"lazy\" decoding=\"async\" width=\"516\" height=\"600\" src=\"https:\/\/www.isthuaquillas.edu.ec\/site\/wp-content\/uploads\/2023\/07\/club-6.jpg\" class=\"attachment-full size-full\" alt=\"\" srcset=\"https:\/\/www.isthuaquillas.edu.ec\/site\/wp-content\/uploads\/2023\/07\/club-6.jpg 516w, https:\/\/www.isthuaquillas.edu.ec\/site\/wp-content\/uploads\/2023\/07\/club-6-258x300.jpg 258w\" sizes=\"auto, (max-width: 516px) 100vw, 516px\" \/><\/a>\n\t\t\t<\/div><\/figure><figure class='gallery-item'>\n\t\t\t<div class='gallery-icon landscape'>\n\t\t\t\t<a data-elementor-open-lightbox=\"yes\" data-elementor-lightbox-slideshow=\"6eb90e1\" data-elementor-lightbox-title=\"club 4\" data-e-action-hash=\"#elementor-action%3Aaction%3Dlightbox%26settings%3DeyJpZCI6NzIyLCJ1cmwiOiJodHRwczpcL1wvd3d3LmlzdGh1YXF1aWxsYXMuZWR1LmVjXC9zaXRlXC93cC1jb250ZW50XC91cGxvYWRzXC8yMDIzXC8wN1wvY2x1Yi00LmpwZyIsInNsaWRlc2hvdyI6IjZlYjkwZTEifQ%3D%3D\" href='https:\/\/www.isthuaquillas.edu.ec\/site\/wp-content\/uploads\/2023\/07\/club-4.jpg'><img loading=\"lazy\" decoding=\"async\" width=\"800\" height=\"600\" src=\"https:\/\/www.isthuaquillas.edu.ec\/site\/wp-content\/uploads\/2023\/07\/club-4.jpg\" class=\"attachment-full size-full\" alt=\"\" srcset=\"https:\/\/www.isthuaquillas.edu.ec\/site\/wp-content\/uploads\/2023\/07\/club-4.jpg 800w, https:\/\/www.isthuaquillas.edu.ec\/site\/wp-content\/uploads\/2023\/07\/club-4-300x225.jpg 300w, https:\/\/www.isthuaquillas.edu.ec\/site\/wp-content\/uploads\/2023\/07\/club-4-768x576.jpg 768w, https:\/\/www.isthuaquillas.edu.ec\/site\/wp-content\/uploads\/2023\/07\/club-4-600x450.jpg 600w\" sizes=\"auto, (max-width: 800px) 100vw, 800px\" \/><\/a>\n\t\t\t<\/div><\/figure><figure class='gallery-item'>\n\t\t\t<div class='gallery-icon landscape'>\n\t\t\t\t<a data-elementor-open-lightbox=\"yes\" data-elementor-lightbox-slideshow=\"6eb90e1\" data-elementor-lightbox-title=\"club 3\" data-e-action-hash=\"#elementor-action%3Aaction%3Dlightbox%26settings%3DeyJpZCI6NzIzLCJ1cmwiOiJodHRwczpcL1wvd3d3LmlzdGh1YXF1aWxsYXMuZWR1LmVjXC9zaXRlXC93cC1jb250ZW50XC91cGxvYWRzXC8yMDIzXC8wN1wvY2x1Yi0zLmpwZyIsInNsaWRlc2hvdyI6IjZlYjkwZTEifQ%3D%3D\" href='https:\/\/www.isthuaquillas.edu.ec\/site\/wp-content\/uploads\/2023\/07\/club-3.jpg'><img loading=\"lazy\" decoding=\"async\" width=\"799\" height=\"599\" src=\"https:\/\/www.isthuaquillas.edu.ec\/site\/wp-content\/uploads\/2023\/07\/club-3.jpg\" class=\"attachment-full size-full\" alt=\"\" srcset=\"https:\/\/www.isthuaquillas.edu.ec\/site\/wp-content\/uploads\/2023\/07\/club-3.jpg 799w, https:\/\/www.isthuaquillas.edu.ec\/site\/wp-content\/uploads\/2023\/07\/club-3-300x225.jpg 300w, https:\/\/www.isthuaquillas.edu.ec\/site\/wp-content\/uploads\/2023\/07\/club-3-768x576.jpg 768w, https:\/\/www.isthuaquillas.edu.ec\/site\/wp-content\/uploads\/2023\/07\/club-3-600x450.jpg 600w\" sizes=\"auto, (max-width: 799px) 100vw, 799px\" \/><\/a>\n\t\t\t<\/div><\/figure><figure class='gallery-item'>\n\t\t\t<div class='gallery-icon landscape'>\n\t\t\t\t<a data-elementor-open-lightbox=\"yes\" data-elementor-lightbox-slideshow=\"6eb90e1\" data-elementor-lightbox-title=\"club.2\" data-e-action-hash=\"#elementor-action%3Aaction%3Dlightbox%26settings%3DeyJpZCI6NzI0LCJ1cmwiOiJodHRwczpcL1wvd3d3LmlzdGh1YXF1aWxsYXMuZWR1LmVjXC9zaXRlXC93cC1jb250ZW50XC91cGxvYWRzXC8yMDIzXC8wN1wvY2x1Yi4yLmpwZyIsInNsaWRlc2hvdyI6IjZlYjkwZTEifQ%3D%3D\" href='https:\/\/www.isthuaquillas.edu.ec\/site\/wp-content\/uploads\/2023\/07\/club.2.jpg'><img loading=\"lazy\" decoding=\"async\" width=\"721\" height=\"600\" src=\"https:\/\/www.isthuaquillas.edu.ec\/site\/wp-content\/uploads\/2023\/07\/club.2.jpg\" class=\"attachment-full size-full\" alt=\"\" srcset=\"https:\/\/www.isthuaquillas.edu.ec\/site\/wp-content\/uploads\/2023\/07\/club.2.jpg 721w, https:\/\/www.isthuaquillas.edu.ec\/site\/wp-content\/uploads\/2023\/07\/club.2-300x250.jpg 300w, https:\/\/www.isthuaquillas.edu.ec\/site\/wp-content\/uploads\/2023\/07\/club.2-600x499.jpg 600w\" sizes=\"auto, (max-width: 721px) 100vw, 721px\" \/><\/a>\n\t\t\t<\/div><\/figure><figure class='gallery-item'>\n\t\t\t<div class='gallery-icon landscape'>\n\t\t\t\t<a data-elementor-open-lightbox=\"yes\" data-elementor-lightbox-slideshow=\"6eb90e1\" data-elementor-lightbox-title=\"club.1\" data-e-action-hash=\"#elementor-action%3Aaction%3Dlightbox%26settings%3DeyJpZCI6NzI1LCJ1cmwiOiJodHRwczpcL1wvd3d3LmlzdGh1YXF1aWxsYXMuZWR1LmVjXC9zaXRlXC93cC1jb250ZW50XC91cGxvYWRzXC8yMDIzXC8wN1wvY2x1Yi4xLmpwZyIsInNsaWRlc2hvdyI6IjZlYjkwZTEifQ%3D%3D\" href='https:\/\/www.isthuaquillas.edu.ec\/site\/wp-content\/uploads\/2023\/07\/club.1.jpg'><img loading=\"lazy\" decoding=\"async\" width=\"761\" height=\"600\" src=\"https:\/\/www.isthuaquillas.edu.ec\/site\/wp-content\/uploads\/2023\/07\/club.1.jpg\" class=\"attachment-full size-full\" alt=\"\" srcset=\"https:\/\/www.isthuaquillas.edu.ec\/site\/wp-content\/uploads\/2023\/07\/club.1.jpg 761w, https:\/\/www.isthuaquillas.edu.ec\/site\/wp-content\/uploads\/2023\/07\/club.1-300x237.jpg 300w, https:\/\/www.isthuaquillas.edu.ec\/site\/wp-content\/uploads\/2023\/07\/club.1-570x450.jpg 570w, https:\/\/www.isthuaquillas.edu.ec\/site\/wp-content\/uploads\/2023\/07\/club.1-600x473.jpg 600w\" sizes=\"auto, (max-width: 761px) 100vw, 761px\" \/><\/a>\n\t\t\t<\/div><\/figure>\n\t\t<\/div>\n\t\t<\/div>\n\t\t\t\t<\/div>\n\t\t\t\t<\/div>\n\t\t\t\t<div class=\"elementor-element elementor-element-c794590 elementor-widget elementor-widget-spacer\" data-id=\"c794590\" data-element_type=\"widget\" data-widget_type=\"spacer.default\">\n\t\t\t\t<div class=\"elementor-widget-container\">\n\t\t\t\t\t<div class=\"elementor-spacer\">\n\t\t\t<div class=\"elementor-spacer-inner\"><\/div>\n\t\t<\/div>\n\t\t\t\t<\/div>\n\t\t\t\t<\/div>\n\t\t\t\t\t<\/div>\n\t\t<\/div>\n\t\t\t\t\t\t\t<\/div>\n\t\t<\/section>\n\t\t\t\t<section class=\"elementor-section elementor-top-section elementor-element elementor-element-e3a53c5 elementor-section-boxed elementor-section-height-default elementor-section-height-default\" data-id=\"e3a53c5\" data-element_type=\"section\" data-settings=\"{&quot;background_background&quot;:&quot;classic&quot;}\">\n\t\t\t\t\t\t<div class=\"elementor-container elementor-column-gap-default\">\n\t\t\t\t\t<div class=\"elementor-column elementor-col-50 elementor-top-column elementor-element elementor-element-a7b0272 elementor-invisible\" data-id=\"a7b0272\" data-element_type=\"column\" data-settings=\"{&quot;animation&quot;:&quot;fadeInLeft&quot;}\">\n\t\t\t<div class=\"elementor-widget-wrap elementor-element-populated\">\n\t\t\t\t\t\t\t\t<div class=\"elementor-element elementor-element-b37c103 elementor-widget elementor-widget-heading\" data-id=\"b37c103\" data-element_type=\"widget\" data-widget_type=\"heading.default\">\n\t\t\t\t<div class=\"elementor-widget-container\">\n\t\t\t<h2 class=\"elementor-heading-title elementor-size-medium\">CLUB DE ROB\u00d3TICA<\/h2>\t\t<\/div>\n\t\t\t\t<\/div>\n\t\t\t\t<div class=\"elementor-element elementor-element-99ea7ee elementor-widget elementor-widget-text-editor\" data-id=\"99ea7ee\" data-element_type=\"widget\" data-widget_type=\"text-editor.default\">\n\t\t\t\t<div class=\"elementor-widget-container\">\n\t\t\t<style>\/*! elementor - v3.14.0 - 26-06-2023 *\/\n.elementor-widget-text-editor.elementor-drop-cap-view-stacked .elementor-drop-cap{background-color:#69727d;color:#fff}.elementor-widget-text-editor.elementor-drop-cap-view-framed .elementor-drop-cap{color:#69727d;border:3px solid;background-color:transparent}.elementor-widget-text-editor:not(.elementor-drop-cap-view-default) .elementor-drop-cap{margin-top:8px}.elementor-widget-text-editor:not(.elementor-drop-cap-view-default) .elementor-drop-cap-letter{width:1em;height:1em}.elementor-widget-text-editor .elementor-drop-cap{float:left;text-align:center;line-height:1;font-size:50px}.elementor-widget-text-editor .elementor-drop-cap-letter{display:inline-block}<\/style>\t\t\t\t<p>El club de rob\u00f3tica del instituto tecnol\u00f3gico es un apasionante grupo de estudiantes y entusiastas de la tecnolog\u00eda que comparten un inter\u00e9s com\u00fan: explorar y experimentar con el fascinante mundo de la rob\u00f3tica. Este club brinda a sus miembros la oportunidad de desarrollar habilidades t\u00e9cnicas, creatividad y trabajo en equipo a trav\u00e9s de proyectos de rob\u00f3tica.<\/p>\t\t\t\t\t\t<\/div>\n\t\t\t\t<\/div>\n\t\t\t\t\t<\/div>\n\t\t<\/div>\n\t\t\t\t<div class=\"elementor-column elementor-col-50 elementor-top-column elementor-element elementor-element-e117f47 elementor-invisible\" data-id=\"e117f47\" data-element_type=\"column\" data-settings=\"{&quot;animation&quot;:&quot;fadeInRight&quot;}\">\n\t\t\t<div class=\"elementor-widget-wrap elementor-element-populated\">\n\t\t\t\t\t\t\t\t<div class=\"elementor-element elementor-element-875b6c4 elementor-widget elementor-widget-image\" data-id=\"875b6c4\" data-element_type=\"widget\" data-widget_type=\"image.default\">\n\t\t\t\t<div class=\"elementor-widget-container\">\n\t\t\t<style>\/*! elementor - v3.14.0 - 26-06-2023 *\/\n.elementor-widget-image{text-align:center}.elementor-widget-image a{display:inline-block}.elementor-widget-image a img[src$=\".svg\"]{width:48px}.elementor-widget-image img{vertical-align:middle;display:inline-block}<\/style>\t\t\t\t\t\t\t\t\t\t\t\t<img loading=\"lazy\" decoding=\"async\" width=\"799\" height=\"599\" src=\"https:\/\/www.isthuaquillas.edu.ec\/site\/wp-content\/uploads\/2023\/07\/club-3.jpg\" class=\"attachment-large size-large wp-image-723\" alt=\"\" srcset=\"https:\/\/www.isthuaquillas.edu.ec\/site\/wp-content\/uploads\/2023\/07\/club-3.jpg 799w, https:\/\/www.isthuaquillas.edu.ec\/site\/wp-content\/uploads\/2023\/07\/club-3-300x225.jpg 300w, https:\/\/www.isthuaquillas.edu.ec\/site\/wp-content\/uploads\/2023\/07\/club-3-768x576.jpg 768w, https:\/\/www.isthuaquillas.edu.ec\/site\/wp-content\/uploads\/2023\/07\/club-3-600x450.jpg 600w\" sizes=\"auto, (max-width: 799px) 100vw, 799px\" \/>\t\t\t\t\t\t\t\t\t\t\t\t\t\t\t<\/div>\n\t\t\t\t<\/div>\n\t\t\t\t\t<\/div>\n\t\t<\/div>\n\t\t\t\t\t\t\t<\/div>\n\t\t<\/section>\n\t\t\t\t\t\t\t<\/div>\n\t\t","protected":false},"excerpt":{"rendered":"<p>CLUB DE ROB\u00d3TICA CLUB DE ROB\u00d3TICA El club de rob\u00f3tica del instituto tecnol\u00f3gico es un apasionante grupo de estudiantes y entusiastas de la tecnolog\u00eda que comparten un inter\u00e9s com\u00fan: explorar y experimentar con el fascinante mundo de la rob\u00f3tica. Este club brinda a sus miembros la oportunidad de desarrollar habilidades t\u00e9cnicas, creatividad y trabajo en [&hellip;]<\/p>\n","protected":false},"author":1,"featured_media":0,"parent":0,"menu_order":0,"comment_status":"closed","ping_status":"closed","template":"elementor_header_footer","meta":{"footnotes":""},"class_list":["post-715","page","type-page","status-publish","hentry"],"_links":{"self":[{"href":"https:\/\/www.isthuaquillas.edu.ec\/site\/wp-json\/wp\/v2\/pages\/715","targetHints":{"allow":["GET"]}}],"collection":[{"href":"https:\/\/www.isthuaquillas.edu.ec\/site\/wp-json\/wp\/v2\/pages"}],"about":[{"href":"https:\/\/www.isthuaquillas.edu.ec\/site\/wp-json\/wp\/v2\/types\/page"}],"author":[{"embeddable":true,"href":"https:\/\/www.isthuaquillas.edu.ec\/site\/wp-json\/wp\/v2\/users\/1"}],"replies":[{"embeddable":true,"href":"https:\/\/www.isthuaquillas.edu.ec\/site\/wp-json\/wp\/v2\/comments?post=715"}],"version-history":[{"count":13,"href":"https:\/\/www.isthuaquillas.edu.ec\/site\/wp-json\/wp\/v2\/pages\/715\/revisions"}],"predecessor-version":[{"id":1029,"href":"https:\/\/www.isthuaquillas.edu.ec\/site\/wp-json\/wp\/v2\/pages\/715\/revisions\/1029"}],"wp:attachment":[{"href":"https:\/\/www.isthuaquillas.edu.ec\/site\/wp-json\/wp\/v2\/media?parent=715"}],"curies":[{"name":"wp","href":"https:\/\/api.w.org\/{rel}","templated":true}]}}