{"id":3700,"date":"2025-02-26T06:22:33","date_gmt":"2025-02-26T06:22:33","guid":{"rendered":"https:\/\/www.isthuaquillas.edu.ec\/site\/?page_id=3700"},"modified":"2025-02-26T06:26:23","modified_gmt":"2025-02-26T06:26:23","slug":"reglamentos-vinculacion","status":"publish","type":"page","link":"https:\/\/www.isthuaquillas.edu.ec\/site\/reglamentos-vinculacion\/","title":{"rendered":"REGLAMENTOS VINCULACI\u00d3N"},"content":{"rendered":"\t\t<div data-elementor-type=\"wp-page\" data-elementor-id=\"3700\" class=\"elementor elementor-3700\">\n\t\t\t\t\t\t\t\t\t<section class=\"elementor-section elementor-top-section elementor-element elementor-element-bc943fa elementor-section-full_width elementor-section-height-min-height elementor-section-height-default elementor-section-items-middle\" data-id=\"bc943fa\" data-element_type=\"section\" data-settings=\"{&quot;background_background&quot;:&quot;classic&quot;}\">\n\t\t\t\t\t\t\t<div class=\"elementor-background-overlay\"><\/div>\n\t\t\t\t\t\t\t<div class=\"elementor-container elementor-column-gap-default\">\n\t\t\t\t\t<div class=\"elementor-column elementor-col-100 elementor-top-column elementor-element elementor-element-c64a5ac\" data-id=\"c64a5ac\" data-element_type=\"column\">\n\t\t\t<div class=\"elementor-widget-wrap elementor-element-populated\">\n\t\t\t\t\t\t\t\t<div class=\"elementor-element elementor-element-5fddfe1 elementor-widget elementor-widget-heading\" data-id=\"5fddfe1\" data-element_type=\"widget\" data-widget_type=\"heading.default\">\n\t\t\t\t<div class=\"elementor-widget-container\">\n\t\t\t<style>\/*! elementor - v3.14.0 - 26-06-2023 *\/\n.elementor-heading-title{padding:0;margin:0;line-height:1}.elementor-widget-heading .elementor-heading-title[class*=elementor-size-]>a{color:inherit;font-size:inherit;line-height:inherit}.elementor-widget-heading .elementor-heading-title.elementor-size-small{font-size:15px}.elementor-widget-heading .elementor-heading-title.elementor-size-medium{font-size:19px}.elementor-widget-heading .elementor-heading-title.elementor-size-large{font-size:29px}.elementor-widget-heading .elementor-heading-title.elementor-size-xl{font-size:39px}.elementor-widget-heading .elementor-heading-title.elementor-size-xxl{font-size:59px}<\/style><h2 class=\"elementor-heading-title elementor-size-default\">REGLAMENTOS VINCULACI\u00d3N<\/h2>\t\t<\/div>\n\t\t\t\t<\/div>\n\t\t\t\t\t<\/div>\n\t\t<\/div>\n\t\t\t\t\t\t\t<\/div>\n\t\t<\/section>\n\t\t\t\t<section class=\"elementor-section elementor-top-section elementor-element elementor-element-e3a53c5 elementor-section-boxed elementor-section-height-default elementor-section-height-default\" data-id=\"e3a53c5\" data-element_type=\"section\" data-settings=\"{&quot;background_background&quot;:&quot;classic&quot;}\">\n\t\t\t\t\t\t<div class=\"elementor-container elementor-column-gap-default\">\n\t\t\t\t\t<div class=\"elementor-column elementor-col-50 elementor-top-column elementor-element elementor-element-a7b0272 elementor-invisible\" data-id=\"a7b0272\" data-element_type=\"column\" data-settings=\"{&quot;animation&quot;:&quot;fadeInLeft&quot;}\">\n\t\t\t<div class=\"elementor-widget-wrap elementor-element-populated\">\n\t\t\t\t\t\t\t\t<div class=\"elementor-element elementor-element-0649dfe elementor-widget elementor-widget-heading\" data-id=\"0649dfe\" data-element_type=\"widget\" data-widget_type=\"heading.default\">\n\t\t\t\t<div class=\"elementor-widget-container\">\n\t\t\t<h2 class=\"elementor-heading-title elementor-size-medium\">REGLAMENTOS<\/h2>\t\t<\/div>\n\t\t\t\t<\/div>\n\t\t\t\t<div class=\"elementor-element elementor-element-e57a509 elementor-icon-list--layout-traditional elementor-list-item-link-full_width elementor-widget elementor-widget-icon-list\" data-id=\"e57a509\" data-element_type=\"widget\" data-widget_type=\"icon-list.default\">\n\t\t\t\t<div class=\"elementor-widget-container\">\n\t\t\t<link rel=\"stylesheet\" href=\"https:\/\/www.isthuaquillas.edu.ec\/site\/wp-content\/plugins\/elementor\/assets\/css\/widget-icon-list.min.css\">\t\t<ul class=\"elementor-icon-list-items\">\n\t\t\t\t\t\t\t<li class=\"elementor-icon-list-item\">\n\t\t\t\t\t\t\t\t\t\t\t<span class=\"elementor-icon-list-icon\">\n\t\t\t\t\t\t\t<i aria-hidden=\"true\" class=\"far fa-file-excel\"><\/i>\t\t\t\t\t\t<\/span>\n\t\t\t\t\t\t\t\t\t\t<span class=\"elementor-icon-list-text\">LINEAS DE INVESTIGACI\u00d3N<\/span>\n\t\t\t\t\t\t\t\t\t<\/li>\n\t\t\t\t\t\t\t\t<li class=\"elementor-icon-list-item\">\n\t\t\t\t\t\t\t\t\t\t\t<span class=\"elementor-icon-list-icon\">\n\t\t\t\t\t\t\t<i aria-hidden=\"true\" class=\"far fa-file-excel\"><\/i>\t\t\t\t\t\t<\/span>\n\t\t\t\t\t\t\t\t\t\t<span class=\"elementor-icon-list-text\">Programa de Vinculaci\u00f3n<\/span>\n\t\t\t\t\t\t\t\t\t<\/li>\n\t\t\t\t\t\t\t\t<li class=\"elementor-icon-list-item\">\n\t\t\t\t\t\t\t\t\t\t\t<span class=\"elementor-icon-list-icon\">\n\t\t\t\t\t\t\t<i aria-hidden=\"true\" class=\"far fa-file-excel\"><\/i>\t\t\t\t\t\t<\/span>\n\t\t\t\t\t\t\t\t\t\t<span class=\"elementor-icon-list-text\">Convenios de vinculaci\u00f3n<\/span>\n\t\t\t\t\t\t\t\t\t<\/li>\n\t\t\t\t\t\t\t\t<li class=\"elementor-icon-list-item\">\n\t\t\t\t\t\t\t\t\t\t\t<span class=\"elementor-icon-list-icon\">\n\t\t\t\t\t\t\t<i aria-hidden=\"true\" class=\"far fa-file-excel\"><\/i>\t\t\t\t\t\t<\/span>\n\t\t\t\t\t\t\t\t\t\t<span class=\"elementor-icon-list-text\">Reglamento de vinculaci\u00f3n<\/span>\n\t\t\t\t\t\t\t\t\t<\/li>\n\t\t\t\t\t\t\t\t<li class=\"elementor-icon-list-item\">\n\t\t\t\t\t\t\t\t\t\t\t<span class=\"elementor-icon-list-icon\">\n\t\t\t\t\t\t\t<i aria-hidden=\"true\" class=\"far fa-file-excel\"><\/i>\t\t\t\t\t\t<\/span>\n\t\t\t\t\t\t\t\t\t\t<span class=\"elementor-icon-list-text\">Proyectos de vinculaci\u00f3n<\/span>\n\t\t\t\t\t\t\t\t\t<\/li>\n\t\t\t\t\t\t\t\t<li class=\"elementor-icon-list-item\">\n\t\t\t\t\t\t\t\t\t\t\t<span class=\"elementor-icon-list-icon\">\n\t\t\t\t\t\t\t<i aria-hidden=\"true\" class=\"far fa-file-excel\"><\/i>\t\t\t\t\t\t<\/span>\n\t\t\t\t\t\t\t\t\t\t<span class=\"elementor-icon-list-text\">Reglamentos de practicas preprofesionales<\/span>\n\t\t\t\t\t\t\t\t\t<\/li>\n\t\t\t\t\t\t<\/ul>\n\t\t\t\t<\/div>\n\t\t\t\t<\/div>\n\t\t\t\t\t<\/div>\n\t\t<\/div>\n\t\t\t\t<div class=\"elementor-column elementor-col-50 elementor-top-column elementor-element elementor-element-e117f47 elementor-invisible\" data-id=\"e117f47\" data-element_type=\"column\" data-settings=\"{&quot;animation&quot;:&quot;fadeInRight&quot;}\">\n\t\t\t<div class=\"elementor-widget-wrap elementor-element-populated\">\n\t\t\t\t\t\t\t\t<div class=\"elementor-element elementor-element-875b6c4 elementor-widget elementor-widget-image\" data-id=\"875b6c4\" data-element_type=\"widget\" data-widget_type=\"image.default\">\n\t\t\t\t<div class=\"elementor-widget-container\">\n\t\t\t<style>\/*! elementor - v3.14.0 - 26-06-2023 *\/\n.elementor-widget-image{text-align:center}.elementor-widget-image a{display:inline-block}.elementor-widget-image a img[src$=\".svg\"]{width:48px}.elementor-widget-image img{vertical-align:middle;display:inline-block}<\/style>\t\t\t\t\t\t\t\t\t\t\t\t<img loading=\"lazy\" decoding=\"async\" width=\"300\" height=\"300\" src=\"https:\/\/www.isthuaquillas.edu.ec\/site\/wp-content\/uploads\/2023\/09\/logo-isth-estrellas-300x300.png\" class=\"attachment-medium size-medium wp-image-1994\" alt=\"\" srcset=\"https:\/\/www.isthuaquillas.edu.ec\/site\/wp-content\/uploads\/2023\/09\/logo-isth-estrellas-300x300.png 300w, https:\/\/www.isthuaquillas.edu.ec\/site\/wp-content\/uploads\/2023\/09\/logo-isth-estrellas-1024x1024.png 1024w, https:\/\/www.isthuaquillas.edu.ec\/site\/wp-content\/uploads\/2023\/09\/logo-isth-estrellas-150x150.png 150w, https:\/\/www.isthuaquillas.edu.ec\/site\/wp-content\/uploads\/2023\/09\/logo-isth-estrellas-768x768.png 768w, https:\/\/www.isthuaquillas.edu.ec\/site\/wp-content\/uploads\/2023\/09\/logo-isth-estrellas-1536x1536.png 1536w, https:\/\/www.isthuaquillas.edu.ec\/site\/wp-content\/uploads\/2023\/09\/logo-isth-estrellas-2048x2048.png 2048w, https:\/\/www.isthuaquillas.edu.ec\/site\/wp-content\/uploads\/2023\/09\/logo-isth-estrellas-230x230.png 230w, https:\/\/www.isthuaquillas.edu.ec\/site\/wp-content\/uploads\/2023\/09\/logo-isth-estrellas-400x400.png 400w, https:\/\/www.isthuaquillas.edu.ec\/site\/wp-content\/uploads\/2023\/09\/logo-isth-estrellas-600x600.png 600w, https:\/\/www.isthuaquillas.edu.ec\/site\/wp-content\/uploads\/2023\/09\/logo-isth-estrellas-640x640.png 640w\" sizes=\"auto, (max-width: 300px) 100vw, 300px\" \/>\t\t\t\t\t\t\t\t\t\t\t\t\t\t\t<\/div>\n\t\t\t\t<\/div>\n\t\t\t\t<div class=\"elementor-element elementor-element-645b6d3 elementor-widget elementor-widget-image\" data-id=\"645b6d3\" data-element_type=\"widget\" data-widget_type=\"image.default\">\n\t\t\t\t<div class=\"elementor-widget-container\">\n\t\t\t\t\t\t\t\t\t\t\t\t\t\t\t<img loading=\"lazy\" decoding=\"async\" width=\"300\" height=\"300\" src=\"https:\/\/www.isthuaquillas.edu.ec\/site\/wp-content\/uploads\/2024\/02\/20943399-300x300.jpg\" class=\"attachment-medium size-medium wp-image-3278\" alt=\"\" srcset=\"https:\/\/www.isthuaquillas.edu.ec\/site\/wp-content\/uploads\/2024\/02\/20943399-300x300.jpg 300w, https:\/\/www.isthuaquillas.edu.ec\/site\/wp-content\/uploads\/2024\/02\/20943399-1024x1024.jpg 1024w, https:\/\/www.isthuaquillas.edu.ec\/site\/wp-content\/uploads\/2024\/02\/20943399-150x150.jpg 150w, https:\/\/www.isthuaquillas.edu.ec\/site\/wp-content\/uploads\/2024\/02\/20943399-768x768.jpg 768w, https:\/\/www.isthuaquillas.edu.ec\/site\/wp-content\/uploads\/2024\/02\/20943399-1536x1536.jpg 1536w, https:\/\/www.isthuaquillas.edu.ec\/site\/wp-content\/uploads\/2024\/02\/20943399-2048x2048.jpg 2048w, https:\/\/www.isthuaquillas.edu.ec\/site\/wp-content\/uploads\/2024\/02\/20943399-230x230.jpg 230w, https:\/\/www.isthuaquillas.edu.ec\/site\/wp-content\/uploads\/2024\/02\/20943399-400x400.jpg 400w\" sizes=\"auto, (max-width: 300px) 100vw, 300px\" \/>\t\t\t\t\t\t\t\t\t\t\t\t\t\t\t<\/div>\n\t\t\t\t<\/div>\n\t\t\t\t\t<\/div>\n\t\t<\/div>\n\t\t\t\t\t\t\t<\/div>\n\t\t<\/section>\n\t\t\t\t\t\t\t<\/div>\n\t\t","protected":false},"excerpt":{"rendered":"<p>REGLAMENTOS VINCULACI\u00d3N REGLAMENTOS LINEAS DE INVESTIGACI\u00d3N Programa de Vinculaci\u00f3n Convenios de vinculaci\u00f3n Reglamento de vinculaci\u00f3n Proyectos de vinculaci\u00f3n Reglamentos de practicas preprofesionales<\/p>\n","protected":false},"author":1,"featured_media":0,"parent":0,"menu_order":0,"comment_status":"closed","ping_status":"closed","template":"elementor_header_footer","meta":{"footnotes":""},"class_list":["post-3700","page","type-page","status-publish","hentry"],"_links":{"self":[{"href":"https:\/\/www.isthuaquillas.edu.ec\/site\/wp-json\/wp\/v2\/pages\/3700","targetHints":{"allow":["GET"]}}],"collection":[{"href":"https:\/\/www.isthuaquillas.edu.ec\/site\/wp-json\/wp\/v2\/pages"}],"about":[{"href":"https:\/\/www.isthuaquillas.edu.ec\/site\/wp-json\/wp\/v2\/types\/page"}],"author":[{"embeddable":true,"href":"https:\/\/www.isthuaquillas.edu.ec\/site\/wp-json\/wp\/v2\/users\/1"}],"replies":[{"embeddable":true,"href":"https:\/\/www.isthuaquillas.edu.ec\/site\/wp-json\/wp\/v2\/comments?post=3700"}],"version-history":[{"count":13,"href":"https:\/\/www.isthuaquillas.edu.ec\/site\/wp-json\/wp\/v2\/pages\/3700\/revisions"}],"predecessor-version":[{"id":3713,"href":"https:\/\/www.isthuaquillas.edu.ec\/site\/wp-json\/wp\/v2\/pages\/3700\/revisions\/3713"}],"wp:attachment":[{"href":"https:\/\/www.isthuaquillas.edu.ec\/site\/wp-json\/wp\/v2\/media?parent=3700"}],"curies":[{"name":"wp","href":"https:\/\/api.w.org\/{rel}","templated":true}]}}