{"id":3422,"date":"2025-02-20T20:08:41","date_gmt":"2025-02-20T20:08:41","guid":{"rendered":"https:\/\/www.isthuaquillas.edu.ec\/site\/?page_id=3422"},"modified":"2025-10-15T23:01:03","modified_gmt":"2025-10-15T23:01:03","slug":"transparecia","status":"publish","type":"page","link":"https:\/\/www.isthuaquillas.edu.ec\/site\/transparecia\/","title":{"rendered":"TRANSPARENCIA"},"content":{"rendered":"\t\t<div data-elementor-type=\"wp-page\" data-elementor-id=\"3422\" class=\"elementor elementor-3422\">\n\t\t\t\t\t\t\t\t\t<section class=\"elementor-section elementor-top-section elementor-element elementor-element-36a223c elementor-section-boxed elementor-section-height-default elementor-section-height-default\" data-id=\"36a223c\" data-element_type=\"section\">\n\t\t\t\t\t\t<div class=\"elementor-container elementor-column-gap-default\">\n\t\t\t\t\t<div class=\"elementor-column elementor-col-100 elementor-top-column elementor-element elementor-element-bda0261\" data-id=\"bda0261\" data-element_type=\"column\">\n\t\t\t<div class=\"elementor-widget-wrap elementor-element-populated\">\n\t\t\t\t\t\t\t\t<div class=\"elementor-element elementor-element-c1b8e2c elementor-widget__width-initial elementor-widget elementor-widget-image\" data-id=\"c1b8e2c\" data-element_type=\"widget\" data-widget_type=\"image.default\">\n\t\t\t\t<div class=\"elementor-widget-container\">\n\t\t\t<style>\/*! elementor - v3.14.0 - 26-06-2023 *\/\n.elementor-widget-image{text-align:center}.elementor-widget-image a{display:inline-block}.elementor-widget-image a img[src$=\".svg\"]{width:48px}.elementor-widget-image img{vertical-align:middle;display:inline-block}<\/style>\t\t\t\t\t\t\t\t\t\t\t\t\t<a href=\"http:\/\/www.isthuaquillas.edu.ec\/site\/wp-content\/uploads\/2025\/02\/2.-PEDI_ISTH.pdf\">\n\t\t\t\t\t\t\t<img loading=\"lazy\" decoding=\"async\" width=\"833\" height=\"1023\" src=\"https:\/\/www.isthuaquillas.edu.ec\/site\/wp-content\/uploads\/2023\/07\/pdf.png\" class=\"attachment-large size-large wp-image-453\" alt=\"\" srcset=\"https:\/\/www.isthuaquillas.edu.ec\/site\/wp-content\/uploads\/2023\/07\/pdf.png 833w, https:\/\/www.isthuaquillas.edu.ec\/site\/wp-content\/uploads\/2023\/07\/pdf-244x300.png 244w, https:\/\/www.isthuaquillas.edu.ec\/site\/wp-content\/uploads\/2023\/07\/pdf-768x943.png 768w, https:\/\/www.isthuaquillas.edu.ec\/site\/wp-content\/uploads\/2023\/07\/pdf-600x737.png 600w\" sizes=\"auto, (max-width: 833px) 100vw, 833px\" \/>\t\t\t\t\t\t\t\t<\/a>\n\t\t\t\t\t\t\t\t\t\t\t\t\t\t\t<\/div>\n\t\t\t\t<\/div>\n\t\t\t\t<div class=\"elementor-element elementor-element-95cae2e elementor-widget elementor-widget-heading\" data-id=\"95cae2e\" data-element_type=\"widget\" data-widget_type=\"heading.default\">\n\t\t\t\t<div class=\"elementor-widget-container\">\n\t\t\t<style>\/*! elementor - v3.14.0 - 26-06-2023 *\/\n.elementor-heading-title{padding:0;margin:0;line-height:1}.elementor-widget-heading .elementor-heading-title[class*=elementor-size-]>a{color:inherit;font-size:inherit;line-height:inherit}.elementor-widget-heading .elementor-heading-title.elementor-size-small{font-size:15px}.elementor-widget-heading .elementor-heading-title.elementor-size-medium{font-size:19px}.elementor-widget-heading .elementor-heading-title.elementor-size-large{font-size:29px}.elementor-widget-heading .elementor-heading-title.elementor-size-xl{font-size:39px}.elementor-widget-heading .elementor-heading-title.elementor-size-xxl{font-size:59px}<\/style><h5 class=\"elementor-heading-title elementor-size-default\"><a href=\"http:\/\/www.isthuaquillas.edu.ec\/site\/wp-content\/uploads\/2025\/02\/2.-PEDI_ISTH.pdf\" target=\"_blank\"><br>PLAN ESTRATEGICO DE DESARROLLO INSTITUCIONAL 2023 <\/a><\/h5>\t\t<\/div>\n\t\t\t\t<\/div>\n\t\t\t\t<div class=\"elementor-element elementor-element-0dda816 elementor-widget__width-initial elementor-widget elementor-widget-image\" data-id=\"0dda816\" data-element_type=\"widget\" data-widget_type=\"image.default\">\n\t\t\t\t<div class=\"elementor-widget-container\">\n\t\t\t\t\t\t\t\t\t\t\t\t\t\t\t<img loading=\"lazy\" decoding=\"async\" width=\"833\" height=\"1023\" src=\"https:\/\/www.isthuaquillas.edu.ec\/site\/wp-content\/uploads\/2023\/07\/pdf.png\" class=\"attachment-large size-large wp-image-453\" alt=\"\" srcset=\"https:\/\/www.isthuaquillas.edu.ec\/site\/wp-content\/uploads\/2023\/07\/pdf.png 833w, https:\/\/www.isthuaquillas.edu.ec\/site\/wp-content\/uploads\/2023\/07\/pdf-244x300.png 244w, https:\/\/www.isthuaquillas.edu.ec\/site\/wp-content\/uploads\/2023\/07\/pdf-768x943.png 768w, https:\/\/www.isthuaquillas.edu.ec\/site\/wp-content\/uploads\/2023\/07\/pdf-600x737.png 600w\" sizes=\"auto, (max-width: 833px) 100vw, 833px\" \/>\t\t\t\t\t\t\t\t\t\t\t\t\t\t\t<\/div>\n\t\t\t\t<\/div>\n\t\t\t\t<div class=\"elementor-element elementor-element-ad347c6 elementor-widget elementor-widget-heading\" data-id=\"ad347c6\" data-element_type=\"widget\" data-widget_type=\"heading.default\">\n\t\t\t\t<div class=\"elementor-widget-container\">\n\t\t\t<h5 class=\"elementor-heading-title elementor-size-default\"><a href=\"http:\/\/www.isthuaquillas.edu.ec\/site\/wp-content\/uploads\/2025\/02\/2.-PEDI_ISTH.pdf\">PLAN ESTRATEGICO DE DESARROLLO INSTITUCIONAL 2024<\/a><\/h5>\t\t<\/div>\n\t\t\t\t<\/div>\n\t\t\t\t<div class=\"elementor-element elementor-element-577dc40 elementor-widget__width-initial elementor-widget elementor-widget-image\" data-id=\"577dc40\" data-element_type=\"widget\" data-widget_type=\"image.default\">\n\t\t\t\t<div class=\"elementor-widget-container\">\n\t\t\t\t\t\t\t\t\t\t\t\t\t\t\t<img loading=\"lazy\" decoding=\"async\" width=\"833\" height=\"1023\" src=\"https:\/\/www.isthuaquillas.edu.ec\/site\/wp-content\/uploads\/2023\/07\/pdf.png\" class=\"attachment-large size-large wp-image-453\" alt=\"\" srcset=\"https:\/\/www.isthuaquillas.edu.ec\/site\/wp-content\/uploads\/2023\/07\/pdf.png 833w, https:\/\/www.isthuaquillas.edu.ec\/site\/wp-content\/uploads\/2023\/07\/pdf-244x300.png 244w, https:\/\/www.isthuaquillas.edu.ec\/site\/wp-content\/uploads\/2023\/07\/pdf-768x943.png 768w, https:\/\/www.isthuaquillas.edu.ec\/site\/wp-content\/uploads\/2023\/07\/pdf-600x737.png 600w\" sizes=\"auto, (max-width: 833px) 100vw, 833px\" \/>\t\t\t\t\t\t\t\t\t\t\t\t\t\t\t<\/div>\n\t\t\t\t<\/div>\n\t\t\t\t<div class=\"elementor-element elementor-element-65a3c14 elementor-widget elementor-widget-heading\" data-id=\"65a3c14\" data-element_type=\"widget\" data-widget_type=\"heading.default\">\n\t\t\t\t<div class=\"elementor-widget-container\">\n\t\t\t<h5 class=\"elementor-heading-title elementor-size-default\">REGLAMENTOS PEDI 2024<\/h5>\t\t<\/div>\n\t\t\t\t<\/div>\n\t\t\t\t<div class=\"elementor-element elementor-element-68075a2 elementor-widget__width-initial elementor-widget elementor-widget-image\" data-id=\"68075a2\" data-element_type=\"widget\" data-widget_type=\"image.default\">\n\t\t\t\t<div class=\"elementor-widget-container\">\n\t\t\t\t\t\t\t\t\t\t\t\t\t\t\t<img loading=\"lazy\" decoding=\"async\" width=\"833\" height=\"1023\" src=\"https:\/\/www.isthuaquillas.edu.ec\/site\/wp-content\/uploads\/2023\/07\/pdf.png\" class=\"attachment-large size-large wp-image-453\" alt=\"\" srcset=\"https:\/\/www.isthuaquillas.edu.ec\/site\/wp-content\/uploads\/2023\/07\/pdf.png 833w, https:\/\/www.isthuaquillas.edu.ec\/site\/wp-content\/uploads\/2023\/07\/pdf-244x300.png 244w, https:\/\/www.isthuaquillas.edu.ec\/site\/wp-content\/uploads\/2023\/07\/pdf-768x943.png 768w, https:\/\/www.isthuaquillas.edu.ec\/site\/wp-content\/uploads\/2023\/07\/pdf-600x737.png 600w\" sizes=\"auto, (max-width: 833px) 100vw, 833px\" \/>\t\t\t\t\t\t\t\t\t\t\t\t\t\t\t<\/div>\n\t\t\t\t<\/div>\n\t\t\t\t<div class=\"elementor-element elementor-element-2b110ec elementor-widget elementor-widget-heading\" data-id=\"2b110ec\" data-element_type=\"widget\" data-widget_type=\"heading.default\">\n\t\t\t\t<div class=\"elementor-widget-container\">\n\t\t\t<h5 class=\"elementor-heading-title elementor-size-default\">RENDICI\u00d3N DE CUENTAS<\/h5>\t\t<\/div>\n\t\t\t\t<\/div>\n\t\t\t\t<div class=\"elementor-element elementor-element-1a9fdf6 elementor-widget__width-initial elementor-widget elementor-widget-image\" data-id=\"1a9fdf6\" data-element_type=\"widget\" data-widget_type=\"image.default\">\n\t\t\t\t<div class=\"elementor-widget-container\">\n\t\t\t\t\t\t\t\t\t\t\t\t\t\t\t\t<a href=\"http:\/\/www.isthuaquillas.edu.ec\/site\/wp-content\/uploads\/2025\/03\/5.10.Plan-Igualdad-2024-2027.pdf\">\n\t\t\t\t\t\t\t<img loading=\"lazy\" decoding=\"async\" width=\"833\" height=\"1023\" src=\"https:\/\/www.isthuaquillas.edu.ec\/site\/wp-content\/uploads\/2023\/07\/pdf.png\" class=\"attachment-large size-large wp-image-453\" alt=\"\" srcset=\"https:\/\/www.isthuaquillas.edu.ec\/site\/wp-content\/uploads\/2023\/07\/pdf.png 833w, https:\/\/www.isthuaquillas.edu.ec\/site\/wp-content\/uploads\/2023\/07\/pdf-244x300.png 244w, https:\/\/www.isthuaquillas.edu.ec\/site\/wp-content\/uploads\/2023\/07\/pdf-768x943.png 768w, https:\/\/www.isthuaquillas.edu.ec\/site\/wp-content\/uploads\/2023\/07\/pdf-600x737.png 600w\" sizes=\"auto, (max-width: 833px) 100vw, 833px\" \/>\t\t\t\t\t\t\t\t<\/a>\n\t\t\t\t\t\t\t\t\t\t\t\t\t\t\t<\/div>\n\t\t\t\t<\/div>\n\t\t\t\t<div class=\"elementor-element elementor-element-151ab53 elementor-widget elementor-widget-heading\" data-id=\"151ab53\" data-element_type=\"widget\" data-widget_type=\"heading.default\">\n\t\t\t\t<div class=\"elementor-widget-container\">\n\t\t\t<h5 class=\"elementor-heading-title elementor-size-default\"><a href=\"http:\/\/www.isthuaquillas.edu.ec\/site\/wp-content\/uploads\/2025\/03\/5.10.Plan-Igualdad-2024-2027.pdf\">IGUALDAD DE OPORTUNIDADES<\/a><\/h5>\t\t<\/div>\n\t\t\t\t<\/div>\n\t\t\t\t<div class=\"elementor-element elementor-element-c490546 elementor-widget__width-initial elementor-widget elementor-widget-image\" data-id=\"c490546\" data-element_type=\"widget\" data-widget_type=\"image.default\">\n\t\t\t\t<div class=\"elementor-widget-container\">\n\t\t\t\t\t\t\t\t\t\t\t\t\t\t\t<img loading=\"lazy\" decoding=\"async\" width=\"833\" height=\"1023\" src=\"https:\/\/www.isthuaquillas.edu.ec\/site\/wp-content\/uploads\/2023\/07\/pdf.png\" class=\"attachment-large size-large wp-image-453\" alt=\"\" srcset=\"https:\/\/www.isthuaquillas.edu.ec\/site\/wp-content\/uploads\/2023\/07\/pdf.png 833w, https:\/\/www.isthuaquillas.edu.ec\/site\/wp-content\/uploads\/2023\/07\/pdf-244x300.png 244w, https:\/\/www.isthuaquillas.edu.ec\/site\/wp-content\/uploads\/2023\/07\/pdf-768x943.png 768w, https:\/\/www.isthuaquillas.edu.ec\/site\/wp-content\/uploads\/2023\/07\/pdf-600x737.png 600w\" sizes=\"auto, (max-width: 833px) 100vw, 833px\" \/>\t\t\t\t\t\t\t\t\t\t\t\t\t\t\t<\/div>\n\t\t\t\t<\/div>\n\t\t\t\t<div class=\"elementor-element elementor-element-1c86b08 elementor-widget elementor-widget-heading\" data-id=\"1c86b08\" data-element_type=\"widget\" data-widget_type=\"heading.default\">\n\t\t\t\t<div class=\"elementor-widget-container\">\n\t\t\t<h5 class=\"elementor-heading-title elementor-size-default\">REGLAMENTO DE ACCI\u00d3N AFIRMATIVA<\/h5>\t\t<\/div>\n\t\t\t\t<\/div>\n\t\t\t\t<div class=\"elementor-element elementor-element-46a3da4 elementor-widget__width-initial elementor-widget elementor-widget-image\" data-id=\"46a3da4\" data-element_type=\"widget\" data-widget_type=\"image.default\">\n\t\t\t\t<div class=\"elementor-widget-container\">\n\t\t\t\t\t\t\t\t\t\t\t\t\t\t\t\t<a href=\"http:\/\/www.isthuaquillas.edu.ec\/site\/wp-content\/uploads\/2025\/03\/CodigoEtica.pdf\">\n\t\t\t\t\t\t\t<img loading=\"lazy\" decoding=\"async\" width=\"833\" height=\"1023\" src=\"https:\/\/www.isthuaquillas.edu.ec\/site\/wp-content\/uploads\/2023\/07\/pdf.png\" class=\"attachment-large size-large wp-image-453\" alt=\"\" srcset=\"https:\/\/www.isthuaquillas.edu.ec\/site\/wp-content\/uploads\/2023\/07\/pdf.png 833w, https:\/\/www.isthuaquillas.edu.ec\/site\/wp-content\/uploads\/2023\/07\/pdf-244x300.png 244w, https:\/\/www.isthuaquillas.edu.ec\/site\/wp-content\/uploads\/2023\/07\/pdf-768x943.png 768w, https:\/\/www.isthuaquillas.edu.ec\/site\/wp-content\/uploads\/2023\/07\/pdf-600x737.png 600w\" sizes=\"auto, (max-width: 833px) 100vw, 833px\" \/>\t\t\t\t\t\t\t\t<\/a>\n\t\t\t\t\t\t\t\t\t\t\t\t\t\t\t<\/div>\n\t\t\t\t<\/div>\n\t\t\t\t<div class=\"elementor-element elementor-element-e36b461 elementor-widget elementor-widget-heading\" data-id=\"e36b461\" data-element_type=\"widget\" data-widget_type=\"heading.default\">\n\t\t\t\t<div class=\"elementor-widget-container\">\n\t\t\t<h5 class=\"elementor-heading-title elementor-size-default\"><a href=\"http:\/\/www.isthuaquillas.edu.ec\/site\/wp-content\/uploads\/2025\/03\/CodigoEtica.pdf\">C\u00d3DIGO DE \u00c9TICA<\/a><\/h5>\t\t<\/div>\n\t\t\t\t<\/div>\n\t\t\t\t\t<\/div>\n\t\t<\/div>\n\t\t\t\t\t\t\t<\/div>\n\t\t<\/section>\n\t\t\t\t\t\t\t<\/div>\n\t\t","protected":false},"excerpt":{"rendered":"<p>PLAN ESTRATEGICO DE DESARROLLO INSTITUCIONAL 2023 PLAN ESTRATEGICO DE DESARROLLO INSTITUCIONAL 2024 REGLAMENTOS PEDI 2024 RENDICI\u00d3N DE CUENTAS IGUALDAD DE OPORTUNIDADES REGLAMENTO DE ACCI\u00d3N AFIRMATIVA C\u00d3DIGO DE \u00c9TICA<\/p>\n","protected":false},"author":1,"featured_media":0,"parent":0,"menu_order":0,"comment_status":"closed","ping_status":"closed","template":"","meta":{"footnotes":""},"class_list":["post-3422","page","type-page","status-publish","hentry"],"_links":{"self":[{"href":"https:\/\/www.isthuaquillas.edu.ec\/site\/wp-json\/wp\/v2\/pages\/3422","targetHints":{"allow":["GET"]}}],"collection":[{"href":"https:\/\/www.isthuaquillas.edu.ec\/site\/wp-json\/wp\/v2\/pages"}],"about":[{"href":"https:\/\/www.isthuaquillas.edu.ec\/site\/wp-json\/wp\/v2\/types\/page"}],"author":[{"embeddable":true,"href":"https:\/\/www.isthuaquillas.edu.ec\/site\/wp-json\/wp\/v2\/users\/1"}],"replies":[{"embeddable":true,"href":"https:\/\/www.isthuaquillas.edu.ec\/site\/wp-json\/wp\/v2\/comments?post=3422"}],"version-history":[{"count":86,"href":"https:\/\/www.isthuaquillas.edu.ec\/site\/wp-json\/wp\/v2\/pages\/3422\/revisions"}],"predecessor-version":[{"id":4047,"href":"https:\/\/www.isthuaquillas.edu.ec\/site\/wp-json\/wp\/v2\/pages\/3422\/revisions\/4047"}],"wp:attachment":[{"href":"https:\/\/www.isthuaquillas.edu.ec\/site\/wp-json\/wp\/v2\/media?parent=3422"}],"curies":[{"name":"wp","href":"https:\/\/api.w.org\/{rel}","templated":true}]}}