{"id":3384,"date":"2025-02-14T04:03:36","date_gmt":"2025-02-14T04:03:36","guid":{"rendered":"https:\/\/www.isthuaquillas.edu.ec\/site\/?page_id=3384"},"modified":"2025-02-14T04:20:49","modified_gmt":"2025-02-14T04:20:49","slug":"registro-unico","status":"publish","type":"page","link":"https:\/\/www.isthuaquillas.edu.ec\/site\/registro-unico\/","title":{"rendered":"REGISTRO \u00daNICO"},"content":{"rendered":"\n<p><strong>El Registro Nacional \u00danico para acceder a la educaci\u00f3n superior p\u00fablica se realiza en el portal registrounicoedusup.gob.ec.\u00a0<\/strong><\/p>\n\n\n\n<p><strong>Los pasos son los siguientes:\u00a0<\/strong><\/p>\n\n\n\n<ul class=\"wp-block-list\">\n<li>Ingresar a la p\u00e1gina web del Registro \u00danico<\/li>\n\n\n\n<li>Crear un usuario y contrase\u00f1a, o iniciar sesi\u00f3n con credenciales anteriores<\/li>\n\n\n\n<li>Verificar la informaci\u00f3n que aparece en pantalla<\/li>\n\n\n\n<li>Aceptar el Acuerdo de Responsabilidad y los T\u00e9rminos y Condiciones<\/li>\n\n\n\n<li>Completar el formulario de Registro Nacional con todos los datos requeridos<\/li>\n\n\n\n<li>Guardar, descargar e imprimir la confirmaci\u00f3n del proceso de registro<\/li>\n<\/ul>\n\n\n\n<hr class=\"wp-block-separator has-alpha-channel-opacity\"\/>\n\n\n\n<hr class=\"wp-block-separator has-alpha-channel-opacity\"\/>\n\n\n\n<p><\/p>\n","protected":false},"excerpt":{"rendered":"<p>El Registro Nacional \u00danico para acceder a la educaci\u00f3n superior p\u00fablica se realiza en el portal registrounicoedusup.gob.ec.\u00a0 Los pasos son los siguientes:\u00a0<\/p>\n","protected":false},"author":1,"featured_media":0,"parent":0,"menu_order":0,"comment_status":"closed","ping_status":"closed","template":"","meta":{"footnotes":""},"class_list":["post-3384","page","type-page","status-publish","hentry"],"_links":{"self":[{"href":"https:\/\/www.isthuaquillas.edu.ec\/site\/wp-json\/wp\/v2\/pages\/3384","targetHints":{"allow":["GET"]}}],"collection":[{"href":"https:\/\/www.isthuaquillas.edu.ec\/site\/wp-json\/wp\/v2\/pages"}],"about":[{"href":"https:\/\/www.isthuaquillas.edu.ec\/site\/wp-json\/wp\/v2\/types\/page"}],"author":[{"embeddable":true,"href":"https:\/\/www.isthuaquillas.edu.ec\/site\/wp-json\/wp\/v2\/users\/1"}],"replies":[{"embeddable":true,"href":"https:\/\/www.isthuaquillas.edu.ec\/site\/wp-json\/wp\/v2\/comments?post=3384"}],"version-history":[{"count":3,"href":"https:\/\/www.isthuaquillas.edu.ec\/site\/wp-json\/wp\/v2\/pages\/3384\/revisions"}],"predecessor-version":[{"id":3390,"href":"https:\/\/www.isthuaquillas.edu.ec\/site\/wp-json\/wp\/v2\/pages\/3384\/revisions\/3390"}],"wp:attachment":[{"href":"https:\/\/www.isthuaquillas.edu.ec\/site\/wp-json\/wp\/v2\/media?parent=3384"}],"curies":[{"name":"wp","href":"https:\/\/api.w.org\/{rel}","templated":true}]}}