{"id":27,"date":"2023-07-14T04:39:25","date_gmt":"2023-07-14T04:39:25","guid":{"rendered":"https:\/\/isthuaquillas.solnustec.com\/?page_id=27"},"modified":"2023-09-14T14:13:48","modified_gmt":"2023-09-14T14:13:48","slug":"historia","status":"publish","type":"page","link":"https:\/\/www.isthuaquillas.edu.ec\/site\/historia\/","title":{"rendered":"Historia"},"content":{"rendered":"\t\t<div data-elementor-type=\"wp-page\" data-elementor-id=\"27\" class=\"elementor elementor-27\">\n\t\t\t\t\t\t\t\t\t<section class=\"elementor-section elementor-top-section elementor-element elementor-element-bc943fa elementor-section-full_width elementor-section-height-min-height elementor-section-height-default elementor-section-items-middle\" data-id=\"bc943fa\" data-element_type=\"section\" data-settings=\"{&quot;background_background&quot;:&quot;classic&quot;}\">\n\t\t\t\t\t\t\t<div class=\"elementor-background-overlay\"><\/div>\n\t\t\t\t\t\t\t<div class=\"elementor-container elementor-column-gap-default\">\n\t\t\t\t\t<div class=\"elementor-column elementor-col-100 elementor-top-column elementor-element elementor-element-c64a5ac\" data-id=\"c64a5ac\" data-element_type=\"column\">\n\t\t\t<div class=\"elementor-widget-wrap elementor-element-populated\">\n\t\t\t\t\t\t\t\t<div class=\"elementor-element elementor-element-5fddfe1 elementor-widget elementor-widget-heading\" data-id=\"5fddfe1\" data-element_type=\"widget\" data-widget_type=\"heading.default\">\n\t\t\t\t<div class=\"elementor-widget-container\">\n\t\t\t<style>\/*! elementor - v3.14.0 - 26-06-2023 *\/\n.elementor-heading-title{padding:0;margin:0;line-height:1}.elementor-widget-heading .elementor-heading-title[class*=elementor-size-]>a{color:inherit;font-size:inherit;line-height:inherit}.elementor-widget-heading .elementor-heading-title.elementor-size-small{font-size:15px}.elementor-widget-heading .elementor-heading-title.elementor-size-medium{font-size:19px}.elementor-widget-heading .elementor-heading-title.elementor-size-large{font-size:29px}.elementor-widget-heading .elementor-heading-title.elementor-size-xl{font-size:39px}.elementor-widget-heading .elementor-heading-title.elementor-size-xxl{font-size:59px}<\/style><h2 class=\"elementor-heading-title elementor-size-default\">HISTORIA<\/h2>\t\t<\/div>\n\t\t\t\t<\/div>\n\t\t\t\t\t<\/div>\n\t\t<\/div>\n\t\t\t\t\t\t\t<\/div>\n\t\t<\/section>\n\t\t\t\t<section class=\"elementor-section elementor-top-section elementor-element elementor-element-0a5c37d elementor-section-boxed elementor-section-height-default elementor-section-height-default\" data-id=\"0a5c37d\" data-element_type=\"section\">\n\t\t\t\t\t\t<div class=\"elementor-container elementor-column-gap-default\">\n\t\t\t\t\t<div class=\"elementor-column elementor-col-100 elementor-top-column elementor-element elementor-element-232ef00\" data-id=\"232ef00\" data-element_type=\"column\">\n\t\t\t<div class=\"elementor-widget-wrap elementor-element-populated\">\n\t\t\t\t\t\t\t\t<div class=\"elementor-element elementor-element-c794590 elementor-widget elementor-widget-spacer\" data-id=\"c794590\" data-element_type=\"widget\" data-widget_type=\"spacer.default\">\n\t\t\t\t<div class=\"elementor-widget-container\">\n\t\t\t<style>\/*! elementor - v3.14.0 - 26-06-2023 *\/\n.elementor-column .elementor-spacer-inner{height:var(--spacer-size)}.e-con{--container-widget-width:100%}.e-con-inner>.elementor-widget-spacer,.e-con>.elementor-widget-spacer{width:var(--container-widget-width,var(--spacer-size));--align-self:var(--container-widget-align-self,initial);--flex-shrink:0}.e-con-inner>.elementor-widget-spacer>.elementor-widget-container,.e-con-inner>.elementor-widget-spacer>.elementor-widget-container>.elementor-spacer,.e-con>.elementor-widget-spacer>.elementor-widget-container,.e-con>.elementor-widget-spacer>.elementor-widget-container>.elementor-spacer{height:100%}.e-con-inner>.elementor-widget-spacer>.elementor-widget-container>.elementor-spacer>.elementor-spacer-inner,.e-con>.elementor-widget-spacer>.elementor-widget-container>.elementor-spacer>.elementor-spacer-inner{height:var(--container-widget-height,var(--spacer-size))}<\/style>\t\t<div class=\"elementor-spacer\">\n\t\t\t<div class=\"elementor-spacer-inner\"><\/div>\n\t\t<\/div>\n\t\t\t\t<\/div>\n\t\t\t\t<\/div>\n\t\t\t\t\t<\/div>\n\t\t<\/div>\n\t\t\t\t\t\t\t<\/div>\n\t\t<\/section>\n\t\t\t\t<section class=\"elementor-section elementor-top-section elementor-element elementor-element-e3a53c5 elementor-section-boxed elementor-section-height-default elementor-section-height-default\" data-id=\"e3a53c5\" data-element_type=\"section\">\n\t\t\t\t\t\t<div class=\"elementor-container elementor-column-gap-default\">\n\t\t\t\t\t<div class=\"elementor-column elementor-col-50 elementor-top-column elementor-element elementor-element-a7b0272 elementor-invisible\" data-id=\"a7b0272\" data-element_type=\"column\" data-settings=\"{&quot;animation&quot;:&quot;fadeInLeft&quot;}\">\n\t\t\t<div class=\"elementor-widget-wrap elementor-element-populated\">\n\t\t\t\t\t\t\t\t<div class=\"elementor-element elementor-element-b37c103 elementor-widget elementor-widget-heading\" data-id=\"b37c103\" data-element_type=\"widget\" data-widget_type=\"heading.default\">\n\t\t\t\t<div class=\"elementor-widget-container\">\n\t\t\t<h2 class=\"elementor-heading-title elementor-size-default\">1994<\/h2>\t\t<\/div>\n\t\t\t\t<\/div>\n\t\t\t\t<div class=\"elementor-element elementor-element-1bab249 elementor-widget elementor-widget-text-editor\" data-id=\"1bab249\" data-element_type=\"widget\" data-widget_type=\"text-editor.default\">\n\t\t\t\t<div class=\"elementor-widget-container\">\n\t\t\t<style>\/*! elementor - v3.14.0 - 26-06-2023 *\/\n.elementor-widget-text-editor.elementor-drop-cap-view-stacked .elementor-drop-cap{background-color:#69727d;color:#fff}.elementor-widget-text-editor.elementor-drop-cap-view-framed .elementor-drop-cap{color:#69727d;border:3px solid;background-color:transparent}.elementor-widget-text-editor:not(.elementor-drop-cap-view-default) .elementor-drop-cap{margin-top:8px}.elementor-widget-text-editor:not(.elementor-drop-cap-view-default) .elementor-drop-cap-letter{width:1em;height:1em}.elementor-widget-text-editor .elementor-drop-cap{float:left;text-align:center;line-height:1;font-size:50px}.elementor-widget-text-editor .elementor-drop-cap-letter{display:inline-block}<\/style>\t\t\t\t<p>El Instituto Tecnol\u00f3gico Superior Huaquillas, desde sus inicios ha sufrido cambios relevantes que afectan al campo acad\u00e9mico e institucional. Pioneros en la Educaci\u00f3n Media y Superior del Cant\u00f3n Fronterizo est\u00e1 presente desde el 06 de Abril de 1994, mediante acuerdo ministerial N\u00ba 1256 en la jornada nocturna; en las instalaciones de en ese entonces Colegio T\u00e9cnico Huaquillas con la carrera de T\u00c9CNICO SUPERIOR en las especializaciones de Administraci\u00f3n Aduanera, Administraci\u00f3n Tur\u00edstica, Secretariado Ejecutivo en espa\u00f1ol, An\u00e1lisis de Sistemas y Programaci\u00f3n de Sistemas con una duraci\u00f3n de dos a\u00f1os; teniendo como Rectora a la Dra. Sara Mor\u00e1n y Vicerectora a la Mgs. Alexandra Charcopa, con convenio realizado con el Ministerio de Educaci\u00f3n.<\/p>\t\t\t\t\t\t<\/div>\n\t\t\t\t<\/div>\n\t\t\t\t\t<\/div>\n\t\t<\/div>\n\t\t\t\t<div class=\"elementor-column elementor-col-50 elementor-top-column elementor-element elementor-element-e117f47 elementor-invisible\" data-id=\"e117f47\" data-element_type=\"column\" data-settings=\"{&quot;animation&quot;:&quot;fadeInRight&quot;}\">\n\t\t\t<div class=\"elementor-widget-wrap elementor-element-populated\">\n\t\t\t\t\t\t\t\t<div class=\"elementor-element elementor-element-875b6c4 elementor-widget elementor-widget-image\" data-id=\"875b6c4\" data-element_type=\"widget\" data-widget_type=\"image.default\">\n\t\t\t\t<div class=\"elementor-widget-container\">\n\t\t\t<style>\/*! elementor - v3.14.0 - 26-06-2023 *\/\n.elementor-widget-image{text-align:center}.elementor-widget-image a{display:inline-block}.elementor-widget-image a img[src$=\".svg\"]{width:48px}.elementor-widget-image img{vertical-align:middle;display:inline-block}<\/style>\t\t\t\t\t\t\t\t\t\t\t\t<img loading=\"lazy\" decoding=\"async\" width=\"1024\" height=\"768\" src=\"https:\/\/www.isthuaquillas.edu.ec\/site\/wp-content\/uploads\/2023\/07\/evento-1024x768.jpeg\" class=\"attachment-large size-large wp-image-162\" alt=\"\" srcset=\"https:\/\/www.isthuaquillas.edu.ec\/site\/wp-content\/uploads\/2023\/07\/evento-1024x768.jpeg 1024w, https:\/\/www.isthuaquillas.edu.ec\/site\/wp-content\/uploads\/2023\/07\/evento-300x225.jpeg 300w, https:\/\/www.isthuaquillas.edu.ec\/site\/wp-content\/uploads\/2023\/07\/evento-768x576.jpeg 768w, https:\/\/www.isthuaquillas.edu.ec\/site\/wp-content\/uploads\/2023\/07\/evento.jpeg 1152w\" sizes=\"auto, (max-width: 1024px) 100vw, 1024px\" \/>\t\t\t\t\t\t\t\t\t\t\t\t\t\t\t<\/div>\n\t\t\t\t<\/div>\n\t\t\t\t\t<\/div>\n\t\t<\/div>\n\t\t\t\t\t\t\t<\/div>\n\t\t<\/section>\n\t\t\t\t<section class=\"elementor-section elementor-top-section elementor-element elementor-element-6c8b23a elementor-section-boxed elementor-section-height-default elementor-section-height-default\" data-id=\"6c8b23a\" data-element_type=\"section\" data-settings=\"{&quot;background_background&quot;:&quot;classic&quot;}\">\n\t\t\t\t\t\t<div class=\"elementor-container elementor-column-gap-default\">\n\t\t\t\t\t<div class=\"elementor-column elementor-col-50 elementor-top-column elementor-element elementor-element-0b95922 elementor-invisible\" data-id=\"0b95922\" data-element_type=\"column\" data-settings=\"{&quot;animation&quot;:&quot;fadeInLeft&quot;}\">\n\t\t\t<div class=\"elementor-widget-wrap elementor-element-populated\">\n\t\t\t\t\t\t\t\t<div class=\"elementor-element elementor-element-b69f222 elementor-widget elementor-widget-image\" data-id=\"b69f222\" data-element_type=\"widget\" data-widget_type=\"image.default\">\n\t\t\t\t<div class=\"elementor-widget-container\">\n\t\t\t\t\t\t\t\t\t\t\t\t\t\t\t<img loading=\"lazy\" decoding=\"async\" width=\"1024\" height=\"768\" src=\"https:\/\/www.isthuaquillas.edu.ec\/site\/wp-content\/uploads\/2023\/07\/electronica-1024x768.jpeg\" class=\"attachment-large size-large wp-image-172\" alt=\"\" srcset=\"https:\/\/www.isthuaquillas.edu.ec\/site\/wp-content\/uploads\/2023\/07\/electronica-1024x768.jpeg 1024w, https:\/\/www.isthuaquillas.edu.ec\/site\/wp-content\/uploads\/2023\/07\/electronica-300x225.jpeg 300w, https:\/\/www.isthuaquillas.edu.ec\/site\/wp-content\/uploads\/2023\/07\/electronica-768x576.jpeg 768w, https:\/\/www.isthuaquillas.edu.ec\/site\/wp-content\/uploads\/2023\/07\/electronica.jpeg 1152w\" sizes=\"auto, (max-width: 1024px) 100vw, 1024px\" \/>\t\t\t\t\t\t\t\t\t\t\t\t\t\t\t<\/div>\n\t\t\t\t<\/div>\n\t\t\t\t\t<\/div>\n\t\t<\/div>\n\t\t\t\t<div class=\"elementor-column elementor-col-50 elementor-top-column elementor-element elementor-element-94ac44c elementor-invisible\" data-id=\"94ac44c\" data-element_type=\"column\" data-settings=\"{&quot;animation&quot;:&quot;fadeInRight&quot;}\">\n\t\t\t<div class=\"elementor-widget-wrap elementor-element-populated\">\n\t\t\t\t\t\t\t\t<div class=\"elementor-element elementor-element-b7abcd6 elementor-widget elementor-widget-heading\" data-id=\"b7abcd6\" data-element_type=\"widget\" data-widget_type=\"heading.default\">\n\t\t\t\t<div class=\"elementor-widget-container\">\n\t\t\t<h2 class=\"elementor-heading-title elementor-size-default\">2004<\/h2>\t\t<\/div>\n\t\t\t\t<\/div>\n\t\t\t\t<div class=\"elementor-element elementor-element-371dc7f elementor-widget elementor-widget-text-editor\" data-id=\"371dc7f\" data-element_type=\"widget\" data-widget_type=\"text-editor.default\">\n\t\t\t\t<div class=\"elementor-widget-container\">\n\t\t\t\t\t\t\t<p>Al transcurrir los a\u00f1os viendo la necesidad de avanzar con un nuevo t\u00edtulo; el 08 de Enero del 2004 mediante acuerdo ministerial N\u00ba 169 debidamente autorizado por el CONESUP, es elevado a TECNOL\u00d3GICO.<\/p><p>Es as\u00ed que desde el 2004 ofertamos la carrera en Tecnolog\u00eda en Inform\u00e1tica con una duraci\u00f3n de 3 a\u00f1os de estudio, obteniendo el t\u00edtulo de TERCER NIVEL como TECN\u00d3LOGOS EN INFORM\u00c1TICA.<\/p>\t\t\t\t\t\t<\/div>\n\t\t\t\t<\/div>\n\t\t\t\t\t<\/div>\n\t\t<\/div>\n\t\t\t\t\t\t\t<\/div>\n\t\t<\/section>\n\t\t\t\t<section class=\"elementor-section elementor-top-section elementor-element elementor-element-25e8c2b elementor-section-boxed elementor-section-height-default elementor-section-height-default\" data-id=\"25e8c2b\" data-element_type=\"section\">\n\t\t\t\t\t\t<div class=\"elementor-container elementor-column-gap-default\">\n\t\t\t\t\t<div class=\"elementor-column elementor-col-50 elementor-top-column elementor-element elementor-element-408fad8 elementor-invisible\" data-id=\"408fad8\" data-element_type=\"column\" data-settings=\"{&quot;animation&quot;:&quot;fadeInLeft&quot;}\">\n\t\t\t<div class=\"elementor-widget-wrap elementor-element-populated\">\n\t\t\t\t\t\t\t\t<div class=\"elementor-element elementor-element-5e94227 elementor-widget elementor-widget-heading\" data-id=\"5e94227\" data-element_type=\"widget\" data-widget_type=\"heading.default\">\n\t\t\t\t<div class=\"elementor-widget-container\">\n\t\t\t<h2 class=\"elementor-heading-title elementor-size-default\">2011<\/h2>\t\t<\/div>\n\t\t\t\t<\/div>\n\t\t\t\t<div class=\"elementor-element elementor-element-455a8cb elementor-widget elementor-widget-text-editor\" data-id=\"455a8cb\" data-element_type=\"widget\" data-widget_type=\"text-editor.default\">\n\t\t\t\t<div class=\"elementor-widget-container\">\n\t\t\t\t\t\t\t<p>Desde el a\u00f1o 2011 se realizan acercamientos entre el Ministerio de Educaci\u00f3n y la SENESCYT (Secretaria Nacional de Educaci\u00f3n Superior Ciencia y Tecnolog\u00eda), para regularizar las administraci\u00f3n de las instituciones superiores y es as\u00ed que a trav\u00e9s del acuerdo interinstitucionales # 2011-001 del 01 de septiembre del 2011 y el # 2012-001 del 03 de mayo del 2012 se establecen los primeros acercamientos formales entre las instituciones mencionadas, de tal manera que el 15 de octubre del 2012 la SENESCYT expide el acuerdo 2012-065 en el que se declar\u00f3 como entidades operativas desconcentradas a 132 institutos conservatorios superiores p\u00fablicos, de tal manera que en junio del 2013 el Instituto Tecnol\u00f3gico Superior Huaquillas cuenta con una nueva administraci\u00f3n a cargo de la Se\u00f1ora Rectora Magister Marcia Aguirre Ochoa, la Ing. Karina Jaramillo como Colectora, Lcda. Maritza Morocho Bustamante como Secretaria.<\/p>\t\t\t\t\t\t<\/div>\n\t\t\t\t<\/div>\n\t\t\t\t\t<\/div>\n\t\t<\/div>\n\t\t\t\t<div class=\"elementor-column elementor-col-50 elementor-top-column elementor-element elementor-element-797accc elementor-invisible\" data-id=\"797accc\" data-element_type=\"column\" data-settings=\"{&quot;animation&quot;:&quot;fadeInRight&quot;}\">\n\t\t\t<div class=\"elementor-widget-wrap elementor-element-populated\">\n\t\t\t\t\t\t\t\t<div class=\"elementor-element elementor-element-acbbfb2 elementor-widget elementor-widget-image\" data-id=\"acbbfb2\" data-element_type=\"widget\" data-widget_type=\"image.default\">\n\t\t\t\t<div class=\"elementor-widget-container\">\n\t\t\t\t\t\t\t\t\t\t\t\t\t\t\t<img loading=\"lazy\" decoding=\"async\" width=\"1024\" height=\"808\" src=\"https:\/\/www.isthuaquillas.edu.ec\/site\/wp-content\/uploads\/2023\/07\/inges-1024x808.jpeg\" class=\"attachment-large size-large wp-image-173\" alt=\"\" srcset=\"https:\/\/www.isthuaquillas.edu.ec\/site\/wp-content\/uploads\/2023\/07\/inges-1024x808.jpeg 1024w, https:\/\/www.isthuaquillas.edu.ec\/site\/wp-content\/uploads\/2023\/07\/inges-300x237.jpeg 300w, https:\/\/www.isthuaquillas.edu.ec\/site\/wp-content\/uploads\/2023\/07\/inges-768x606.jpeg 768w, https:\/\/www.isthuaquillas.edu.ec\/site\/wp-content\/uploads\/2023\/07\/inges.jpeg 1280w\" sizes=\"auto, (max-width: 1024px) 100vw, 1024px\" \/>\t\t\t\t\t\t\t\t\t\t\t\t\t\t\t<\/div>\n\t\t\t\t<\/div>\n\t\t\t\t\t<\/div>\n\t\t<\/div>\n\t\t\t\t\t\t\t<\/div>\n\t\t<\/section>\n\t\t\t\t<section class=\"elementor-section elementor-top-section elementor-element elementor-element-15da471 elementor-section-boxed elementor-section-height-default elementor-section-height-default\" data-id=\"15da471\" data-element_type=\"section\" data-settings=\"{&quot;background_background&quot;:&quot;classic&quot;}\">\n\t\t\t\t\t\t<div class=\"elementor-container elementor-column-gap-default\">\n\t\t\t\t\t<div class=\"elementor-column elementor-col-50 elementor-top-column elementor-element elementor-element-640f9ad elementor-invisible\" data-id=\"640f9ad\" data-element_type=\"column\" data-settings=\"{&quot;animation&quot;:&quot;fadeInLeft&quot;}\">\n\t\t\t<div class=\"elementor-widget-wrap elementor-element-populated\">\n\t\t\t\t\t\t\t\t<div class=\"elementor-element elementor-element-41bbca6 elementor-widget elementor-widget-heading\" data-id=\"41bbca6\" data-element_type=\"widget\" data-widget_type=\"heading.default\">\n\t\t\t\t<div class=\"elementor-widget-container\">\n\t\t\t<h2 class=\"elementor-heading-title elementor-size-default\">Estudiantes<\/h2>\t\t<\/div>\n\t\t\t\t<\/div>\n\t\t\t\t<div class=\"elementor-element elementor-element-1610a46 elementor-widget elementor-widget-text-editor\" data-id=\"1610a46\" data-element_type=\"widget\" data-widget_type=\"text-editor.default\">\n\t\t\t\t<div class=\"elementor-widget-container\">\n\t\t\t\t\t\t\t<p>La instituci\u00f3n acoge a 120 estudiantes en los diferentes niveles de la carrera. La nueva autoridad realiza las gestiones pertinentes en beneficio de la educaci\u00f3n superior y regulariza las carreras que no se encuentran vigentes, cerrando las carreras de Administraci\u00f3n Aduanera, Administraci\u00f3n Tur\u00edstica, Secretariado Ejecutivo en espa\u00f1ol, An\u00e1lisis de Sistemas y Programaci\u00f3n de Sistemas, adem\u00e1s gestiona ante el se\u00f1or alcalde Abg. Manuel Aguirre Piedra para suscribir un convenio y pasar las instalaciones al Colegio Municipal \u201cMonse\u00f1or Leonidas Proa\u00f1o\u201d, para resguardar la integridad f\u00edsica de los estudiantes y docentes, es as\u00ed que desde noviembre del 2013 se trasladaron para funcionar en este centro del saber.<\/p>\t\t\t\t\t\t<\/div>\n\t\t\t\t<\/div>\n\t\t\t\t\t<\/div>\n\t\t<\/div>\n\t\t\t\t<div class=\"elementor-column elementor-col-50 elementor-top-column elementor-element elementor-element-a8216df elementor-invisible\" data-id=\"a8216df\" data-element_type=\"column\" data-settings=\"{&quot;animation&quot;:&quot;fadeInRight&quot;}\">\n\t\t\t<div class=\"elementor-widget-wrap elementor-element-populated\">\n\t\t\t\t\t\t\t\t<div class=\"elementor-element elementor-element-78419f8 elementor-widget elementor-widget-image\" data-id=\"78419f8\" data-element_type=\"widget\" data-widget_type=\"image.default\">\n\t\t\t\t<div class=\"elementor-widget-container\">\n\t\t\t\t\t\t\t\t\t\t\t\t\t\t\t<img loading=\"lazy\" decoding=\"async\" width=\"1024\" height=\"768\" src=\"https:\/\/www.isthuaquillas.edu.ec\/site\/wp-content\/uploads\/2023\/07\/6cb6a831-57a9-4f80-bf32-170fe38aa92b-1024x768.jpeg\" class=\"attachment-large size-large wp-image-52\" alt=\"\" srcset=\"https:\/\/www.isthuaquillas.edu.ec\/site\/wp-content\/uploads\/2023\/07\/6cb6a831-57a9-4f80-bf32-170fe38aa92b-1024x768.jpeg 1024w, https:\/\/www.isthuaquillas.edu.ec\/site\/wp-content\/uploads\/2023\/07\/6cb6a831-57a9-4f80-bf32-170fe38aa92b-300x225.jpeg 300w, https:\/\/www.isthuaquillas.edu.ec\/site\/wp-content\/uploads\/2023\/07\/6cb6a831-57a9-4f80-bf32-170fe38aa92b-768x576.jpeg 768w, https:\/\/www.isthuaquillas.edu.ec\/site\/wp-content\/uploads\/2023\/07\/6cb6a831-57a9-4f80-bf32-170fe38aa92b.jpeg 1152w\" sizes=\"auto, (max-width: 1024px) 100vw, 1024px\" \/>\t\t\t\t\t\t\t\t\t\t\t\t\t\t\t<\/div>\n\t\t\t\t<\/div>\n\t\t\t\t\t<\/div>\n\t\t<\/div>\n\t\t\t\t\t\t\t<\/div>\n\t\t<\/section>\n\t\t\t\t<section class=\"elementor-section elementor-top-section elementor-element elementor-element-e4cf3aa elementor-section-boxed elementor-section-height-default elementor-section-height-default\" data-id=\"e4cf3aa\" data-element_type=\"section\">\n\t\t\t\t\t\t<div class=\"elementor-container elementor-column-gap-default\">\n\t\t\t\t\t<div class=\"elementor-column elementor-col-50 elementor-top-column elementor-element elementor-element-3bd6761 elementor-invisible\" data-id=\"3bd6761\" data-element_type=\"column\" data-settings=\"{&quot;animation&quot;:&quot;fadeInLeft&quot;}\">\n\t\t\t<div class=\"elementor-widget-wrap elementor-element-populated\">\n\t\t\t\t\t\t\t\t<div class=\"elementor-element elementor-element-3718ce8 elementor-widget elementor-widget-image\" data-id=\"3718ce8\" data-element_type=\"widget\" data-widget_type=\"image.default\">\n\t\t\t\t<div class=\"elementor-widget-container\">\n\t\t\t\t\t\t\t\t\t\t\t\t\t\t\t<img loading=\"lazy\" decoding=\"async\" width=\"1024\" height=\"1024\" src=\"https:\/\/www.isthuaquillas.edu.ec\/site\/wp-content\/uploads\/2023\/09\/logo-isth-estrellas-1024x1024.png\" class=\"attachment-large size-large wp-image-1994\" alt=\"\" srcset=\"https:\/\/www.isthuaquillas.edu.ec\/site\/wp-content\/uploads\/2023\/09\/logo-isth-estrellas-1024x1024.png 1024w, https:\/\/www.isthuaquillas.edu.ec\/site\/wp-content\/uploads\/2023\/09\/logo-isth-estrellas-300x300.png 300w, https:\/\/www.isthuaquillas.edu.ec\/site\/wp-content\/uploads\/2023\/09\/logo-isth-estrellas-150x150.png 150w, https:\/\/www.isthuaquillas.edu.ec\/site\/wp-content\/uploads\/2023\/09\/logo-isth-estrellas-768x768.png 768w, https:\/\/www.isthuaquillas.edu.ec\/site\/wp-content\/uploads\/2023\/09\/logo-isth-estrellas-1536x1536.png 1536w, https:\/\/www.isthuaquillas.edu.ec\/site\/wp-content\/uploads\/2023\/09\/logo-isth-estrellas-2048x2048.png 2048w, https:\/\/www.isthuaquillas.edu.ec\/site\/wp-content\/uploads\/2023\/09\/logo-isth-estrellas-230x230.png 230w, https:\/\/www.isthuaquillas.edu.ec\/site\/wp-content\/uploads\/2023\/09\/logo-isth-estrellas-400x400.png 400w, https:\/\/www.isthuaquillas.edu.ec\/site\/wp-content\/uploads\/2023\/09\/logo-isth-estrellas-600x600.png 600w, https:\/\/www.isthuaquillas.edu.ec\/site\/wp-content\/uploads\/2023\/09\/logo-isth-estrellas-640x640.png 640w\" sizes=\"auto, (max-width: 1024px) 100vw, 1024px\" \/>\t\t\t\t\t\t\t\t\t\t\t\t\t\t\t<\/div>\n\t\t\t\t<\/div>\n\t\t\t\t\t<\/div>\n\t\t<\/div>\n\t\t\t\t<div class=\"elementor-column elementor-col-50 elementor-top-column elementor-element elementor-element-00995c5 elementor-invisible\" data-id=\"00995c5\" data-element_type=\"column\" data-settings=\"{&quot;animation&quot;:&quot;fadeInRight&quot;}\">\n\t\t\t<div class=\"elementor-widget-wrap elementor-element-populated\">\n\t\t\t\t\t\t\t\t<div class=\"elementor-element elementor-element-78c0ef3 elementor-widget elementor-widget-heading\" data-id=\"78c0ef3\" data-element_type=\"widget\" data-widget_type=\"heading.default\">\n\t\t\t\t<div class=\"elementor-widget-container\">\n\t\t\t<h2 class=\"elementor-heading-title elementor-size-default\">Actualidad<\/h2>\t\t<\/div>\n\t\t\t\t<\/div>\n\t\t\t\t<div class=\"elementor-element elementor-element-49a8506 elementor-widget elementor-widget-text-editor\" data-id=\"49a8506\" data-element_type=\"widget\" data-widget_type=\"text-editor.default\">\n\t\t\t\t<div class=\"elementor-widget-container\">\n\t\t\t\t\t\t\t<p><span style=\"color: var( --e-global-color-text ); letter-spacing: 0px;\">En el mes de agosto del a\u00f1o 2019 El Consejo de Educaci\u00f3n Superior realiza la aprobaci\u00f3n del cambio de denominaci\u00f3n, donde actualmente el Instituto pasa a ser INSTITUTO SUPERIOR TECNOL\u00d3GICO HUAQUILLAS, ofreciendo los t\u00edtulos tecnol\u00f3gicos de tercer nivel.<\/span><\/p><p><span style=\"color: var( --e-global-color-text ); letter-spacing: 0px;\">En el a\u00f1o 2020 nuestro instituto alcanz\u00f3 el estado de ACREDITADO por lo que seguimos en b\u00fasqueda de la nueva meta que es la de ser Universitarios.<\/span><\/p>\t\t\t\t\t\t<\/div>\n\t\t\t\t<\/div>\n\t\t\t\t\t<\/div>\n\t\t<\/div>\n\t\t\t\t\t\t\t<\/div>\n\t\t<\/section>\n\t\t\t\t\t\t\t<\/div>\n\t\t","protected":false},"excerpt":{"rendered":"<p>HISTORIA 1994 El Instituto Tecnol\u00f3gico Superior Huaquillas, desde sus inicios ha sufrido cambios relevantes que afectan al campo acad\u00e9mico e institucional. Pioneros en la Educaci\u00f3n Media y Superior del Cant\u00f3n Fronterizo est\u00e1 presente desde el 06 de Abril de 1994, mediante acuerdo ministerial N\u00ba 1256 en la jornada nocturna; en las instalaciones de en ese [&hellip;]<\/p>\n","protected":false},"author":1,"featured_media":0,"parent":0,"menu_order":0,"comment_status":"closed","ping_status":"closed","template":"elementor_header_footer","meta":{"footnotes":""},"class_list":["post-27","page","type-page","status-publish","hentry"],"_links":{"self":[{"href":"https:\/\/www.isthuaquillas.edu.ec\/site\/wp-json\/wp\/v2\/pages\/27","targetHints":{"allow":["GET"]}}],"collection":[{"href":"https:\/\/www.isthuaquillas.edu.ec\/site\/wp-json\/wp\/v2\/pages"}],"about":[{"href":"https:\/\/www.isthuaquillas.edu.ec\/site\/wp-json\/wp\/v2\/types\/page"}],"author":[{"embeddable":true,"href":"https:\/\/www.isthuaquillas.edu.ec\/site\/wp-json\/wp\/v2\/users\/1"}],"replies":[{"embeddable":true,"href":"https:\/\/www.isthuaquillas.edu.ec\/site\/wp-json\/wp\/v2\/comments?post=27"}],"version-history":[{"count":52,"href":"https:\/\/www.isthuaquillas.edu.ec\/site\/wp-json\/wp\/v2\/pages\/27\/revisions"}],"predecessor-version":[{"id":1998,"href":"https:\/\/www.isthuaquillas.edu.ec\/site\/wp-json\/wp\/v2\/pages\/27\/revisions\/1998"}],"wp:attachment":[{"href":"https:\/\/www.isthuaquillas.edu.ec\/site\/wp-json\/wp\/v2\/media?parent=27"}],"curies":[{"name":"wp","href":"https:\/\/api.w.org\/{rel}","templated":true}]}}